{"id":1465,"date":"2025-07-10T16:31:19","date_gmt":"2025-07-10T14:31:19","guid":{"rendered":"https:\/\/espailavansa.com\/?post_type=product&#038;p=1465"},"modified":"2025-07-10T16:33:04","modified_gmt":"2025-07-10T14:33:04","slug":"inscripcio-taller-ilustracio","status":"publish","type":"product","link":"https:\/\/espailavansa.com\/es\/producte\/inscripcio-taller-ilustracio\/","title":{"rendered":"Inscripci\u00f3 taller d&#8217;il\u00b7lustraci\u00f3 bot\u00e0nica"},"content":{"rendered":"<p><strong>Data<\/strong><\/p>\n<p>18 d&#8217;agost de 2025<\/p>\n<p><strong>Horari<\/strong><\/p>\n<p>11 h &#8211; 13 h<\/p>\n<p><strong>Descripci\u00f3<\/strong><\/p>\n<p><strong data-start=\"98\" data-end=\"133\">Dibuixem les plantes de la vall<\/strong><br data-start=\"133\" data-end=\"136\" \/>Taller d\u2019il\u00b7lustraci\u00f3 bot\u00e0nica amb Bruna Roqu\u00e9, per observar i dibuixar la flora de l\u2019entorn amb calma i creativitat.\u00a0<br data-start=\"312\" data-end=\"315\" \/>Cada participant ha de portar el seu material: llapis de colors, grafit, aquarel\u00b7les, goma&#8230; el que prefereixi per dibuixar.<\/p>\n<p><strong>Tallerista<\/strong><\/p>\n<p>A c\u00e0rrec de Bruna Roqu\u00e9<\/p>\n<p><strong>Edat<\/strong><\/p>\n<p>A partir de 7 anys (menors de 12, acompanyats d\u2019un adult).<\/p>\n","protected":false},"excerpt":{"rendered":"<p><strong data-start=\"98\" data-end=\"133\">Dibuixem les plantes de la vall<\/strong><br data-start=\"133\" data-end=\"136\" \/>Taller d\u2019il\u00b7lustraci\u00f3 bot\u00e0nica amb Bruna Roqu\u00e9, per observar i dibuixar la flora de l\u2019entorn amb calma i creativitat.\u00a0<br data-start=\"312\" data-end=\"315\" \/>Cada participant ha de portar el seu material: llapis de colors, grafit, aquarel\u00b7les, goma&#8230; el que prefereixi per dibuixar.<\/p>\n","protected":false},"featured_media":1461,"comment_status":"closed","ping_status":"closed","template":"","meta":[],"product_brand":[],"product_cat":[33],"product_tag":[],"class_list":{"0":"post-1465","1":"product","2":"type-product","3":"status-publish","4":"has-post-thumbnail","6":"product_cat-entrades","8":"first","9":"instock","10":"taxable","11":"shipping-taxable","12":"purchasable","13":"product-type-simple"},"yoast_head":"<!-- This site is optimized with the Yoast SEO plugin v26.2 - https:\/\/yoast.com\/wordpress\/plugins\/seo\/ -->\n<title>Inscripci\u00f3 taller d&#039;il\u00b7lustraci\u00f3 bot\u00e0nica - Espai La Vansa<\/title>\n<meta name=\"description\" content=\"&quot;Cantem can\u00e7ons sense pretensions&quot; \u00e9s un taller de cant obert a tothom, on el gaudi de cantar plegats \u00e9s l\u2019\u00fanic objectiu. No cal experi\u00e8ncia ni coneixements musicals, nom\u00e9s ganes de compartir can\u00e7ons en un ambient dist\u00e8s i acollidor. Vine a passar-ho b\u00e9 amb la teva veu tal com \u00e9s. A c\u00e0rrec de N\u00faria Cela.\" \/>\n<meta name=\"robots\" content=\"index, follow, max-snippet:-1, max-image-preview:large, max-video-preview:-1\" \/>\n<link rel=\"canonical\" href=\"https:\/\/espailavansa.com\/es\/producte\/inscripcio-taller-ilustracio\/\" \/>\n<meta property=\"og:locale\" content=\"es_ES\" \/>\n<meta property=\"og:type\" content=\"article\" \/>\n<meta property=\"og:title\" content=\"Inscripci\u00f3 taller d&#039;il\u00b7lustraci\u00f3 bot\u00e0nica - Espai La Vansa\" \/>\n<meta property=\"og:description\" content=\"&quot;Cantem can\u00e7ons sense pretensions&quot; \u00e9s un taller de cant obert a tothom, on el gaudi de cantar plegats \u00e9s l\u2019\u00fanic objectiu. No cal experi\u00e8ncia ni coneixements musicals, nom\u00e9s ganes de compartir can\u00e7ons en un ambient dist\u00e8s i acollidor. Vine a passar-ho b\u00e9 amb la teva veu tal com \u00e9s. A c\u00e0rrec de N\u00faria Cela.\" \/>\n<meta property=\"og:url\" content=\"https:\/\/espailavansa.com\/es\/producte\/inscripcio-taller-ilustracio\/\" \/>\n<meta property=\"og:site_name\" content=\"Espai La Vansa\" \/>\n<meta property=\"article:modified_time\" content=\"2025-07-10T14:33:04+00:00\" \/>\n<meta property=\"og:image\" content=\"https:\/\/espailavansa.com\/wp-content\/uploads\/2025\/07\/27.jpg\" \/>\n\t<meta property=\"og:image:width\" content=\"1080\" \/>\n\t<meta property=\"og:image:height\" content=\"1080\" \/>\n\t<meta property=\"og:image:type\" content=\"image\/jpeg\" \/>\n<meta name=\"twitter:card\" content=\"summary_large_image\" \/>\n<meta name=\"twitter:label1\" content=\"Tiempo de lectura\" \/>\n\t<meta name=\"twitter:data1\" content=\"1 minuto\" \/>\n<script type=\"application\/ld+json\" class=\"yoast-schema-graph\">{\"@context\":\"https:\/\/schema.org\",\"@graph\":[{\"@type\":\"WebPage\",\"@id\":\"https:\/\/espailavansa.com\/es\/producte\/inscripcio-taller-ilustracio\/\",\"url\":\"https:\/\/espailavansa.com\/es\/producte\/inscripcio-taller-ilustracio\/\",\"name\":\"Inscripci\u00f3 taller d'il\u00b7lustraci\u00f3 bot\u00e0nica - Espai La Vansa\",\"isPartOf\":{\"@id\":\"https:\/\/espailavansa.com\/es\/#website\"},\"primaryImageOfPage\":{\"@id\":\"https:\/\/espailavansa.com\/es\/producte\/inscripcio-taller-ilustracio\/#primaryimage\"},\"image\":{\"@id\":\"https:\/\/espailavansa.com\/es\/producte\/inscripcio-taller-ilustracio\/#primaryimage\"},\"thumbnailUrl\":\"https:\/\/espailavansa.com\/wp-content\/uploads\/2025\/07\/27.jpg\",\"datePublished\":\"2025-07-10T14:31:19+00:00\",\"dateModified\":\"2025-07-10T14:33:04+00:00\",\"description\":\"\\\"Cantem can\u00e7ons sense pretensions\\\" \u00e9s un taller de cant obert a tothom, on el gaudi de cantar plegats \u00e9s l\u2019\u00fanic objectiu. No cal experi\u00e8ncia ni coneixements musicals, nom\u00e9s ganes de compartir can\u00e7ons en un ambient dist\u00e8s i acollidor. Vine a passar-ho b\u00e9 amb la teva veu tal com \u00e9s. A c\u00e0rrec de N\u00faria Cela.\",\"breadcrumb\":{\"@id\":\"https:\/\/espailavansa.com\/es\/producte\/inscripcio-taller-ilustracio\/#breadcrumb\"},\"inLanguage\":\"es\",\"potentialAction\":[{\"@type\":\"ReadAction\",\"target\":[\"https:\/\/espailavansa.com\/es\/producte\/inscripcio-taller-ilustracio\/\"]}]},{\"@type\":\"ImageObject\",\"inLanguage\":\"es\",\"@id\":\"https:\/\/espailavansa.com\/es\/producte\/inscripcio-taller-ilustracio\/#primaryimage\",\"url\":\"https:\/\/espailavansa.com\/wp-content\/uploads\/2025\/07\/27.jpg\",\"contentUrl\":\"https:\/\/espailavansa.com\/wp-content\/uploads\/2025\/07\/27.jpg\",\"width\":1080,\"height\":1080,\"caption\":\"Taller \\\"dibuixem les plantes de la Vall\\\"\"},{\"@type\":\"BreadcrumbList\",\"@id\":\"https:\/\/espailavansa.com\/es\/producte\/inscripcio-taller-ilustracio\/#breadcrumb\",\"itemListElement\":[{\"@type\":\"ListItem\",\"position\":1,\"name\":\"Inici\",\"item\":\"https:\/\/espailavansa.com\/es\/\"},{\"@type\":\"ListItem\",\"position\":2,\"name\":\"Tienda\",\"item\":\"https:\/\/espailavansa.com\/tienda\/\"},{\"@type\":\"ListItem\",\"position\":3,\"name\":\"Inscripci\u00f3 taller d&#8217;il\u00b7lustraci\u00f3 bot\u00e0nica\"}]},{\"@type\":\"WebSite\",\"@id\":\"https:\/\/espailavansa.com\/es\/#website\",\"url\":\"https:\/\/espailavansa.com\/es\/\",\"name\":\"Espai La Vansa\",\"description\":\"Espacio cultural en el Valle de La Vansa\",\"potentialAction\":[{\"@type\":\"SearchAction\",\"target\":{\"@type\":\"EntryPoint\",\"urlTemplate\":\"https:\/\/espailavansa.com\/es\/?s={search_term_string}\"},\"query-input\":{\"@type\":\"PropertyValueSpecification\",\"valueRequired\":true,\"valueName\":\"search_term_string\"}}],\"inLanguage\":\"es\"}]}<\/script>\n<!-- \/ Yoast SEO plugin. -->","yoast_head_json":{"title":"Inscripci\u00f3 taller d'il\u00b7lustraci\u00f3 bot\u00e0nica - Espai La Vansa","description":"\"Cantem can\u00e7ons sense pretensions\" \u00e9s un taller de cant obert a tothom, on el gaudi de cantar plegats \u00e9s l\u2019\u00fanic objectiu. No cal experi\u00e8ncia ni coneixements musicals, nom\u00e9s ganes de compartir can\u00e7ons en un ambient dist\u00e8s i acollidor. Vine a passar-ho b\u00e9 amb la teva veu tal com \u00e9s. A c\u00e0rrec de N\u00faria Cela.","robots":{"index":"index","follow":"follow","max-snippet":"max-snippet:-1","max-image-preview":"max-image-preview:large","max-video-preview":"max-video-preview:-1"},"canonical":"https:\/\/espailavansa.com\/es\/producte\/inscripcio-taller-ilustracio\/","og_locale":"es_ES","og_type":"article","og_title":"Inscripci\u00f3 taller d'il\u00b7lustraci\u00f3 bot\u00e0nica - Espai La Vansa","og_description":"\"Cantem can\u00e7ons sense pretensions\" \u00e9s un taller de cant obert a tothom, on el gaudi de cantar plegats \u00e9s l\u2019\u00fanic objectiu. No cal experi\u00e8ncia ni coneixements musicals, nom\u00e9s ganes de compartir can\u00e7ons en un ambient dist\u00e8s i acollidor. Vine a passar-ho b\u00e9 amb la teva veu tal com \u00e9s. A c\u00e0rrec de N\u00faria Cela.","og_url":"https:\/\/espailavansa.com\/es\/producte\/inscripcio-taller-ilustracio\/","og_site_name":"Espai La Vansa","article_modified_time":"2025-07-10T14:33:04+00:00","og_image":[{"width":1080,"height":1080,"url":"https:\/\/espailavansa.com\/wp-content\/uploads\/2025\/07\/27.jpg","type":"image\/jpeg"}],"twitter_card":"summary_large_image","twitter_misc":{"Tiempo de lectura":"1 minuto"},"schema":{"@context":"https:\/\/schema.org","@graph":[{"@type":"WebPage","@id":"https:\/\/espailavansa.com\/es\/producte\/inscripcio-taller-ilustracio\/","url":"https:\/\/espailavansa.com\/es\/producte\/inscripcio-taller-ilustracio\/","name":"Inscripci\u00f3 taller d'il\u00b7lustraci\u00f3 bot\u00e0nica - Espai La Vansa","isPartOf":{"@id":"https:\/\/espailavansa.com\/es\/#website"},"primaryImageOfPage":{"@id":"https:\/\/espailavansa.com\/es\/producte\/inscripcio-taller-ilustracio\/#primaryimage"},"image":{"@id":"https:\/\/espailavansa.com\/es\/producte\/inscripcio-taller-ilustracio\/#primaryimage"},"thumbnailUrl":"https:\/\/espailavansa.com\/wp-content\/uploads\/2025\/07\/27.jpg","datePublished":"2025-07-10T14:31:19+00:00","dateModified":"2025-07-10T14:33:04+00:00","description":"\"Cantem can\u00e7ons sense pretensions\" \u00e9s un taller de cant obert a tothom, on el gaudi de cantar plegats \u00e9s l\u2019\u00fanic objectiu. No cal experi\u00e8ncia ni coneixements musicals, nom\u00e9s ganes de compartir can\u00e7ons en un ambient dist\u00e8s i acollidor. Vine a passar-ho b\u00e9 amb la teva veu tal com \u00e9s. A c\u00e0rrec de N\u00faria Cela.","breadcrumb":{"@id":"https:\/\/espailavansa.com\/es\/producte\/inscripcio-taller-ilustracio\/#breadcrumb"},"inLanguage":"es","potentialAction":[{"@type":"ReadAction","target":["https:\/\/espailavansa.com\/es\/producte\/inscripcio-taller-ilustracio\/"]}]},{"@type":"ImageObject","inLanguage":"es","@id":"https:\/\/espailavansa.com\/es\/producte\/inscripcio-taller-ilustracio\/#primaryimage","url":"https:\/\/espailavansa.com\/wp-content\/uploads\/2025\/07\/27.jpg","contentUrl":"https:\/\/espailavansa.com\/wp-content\/uploads\/2025\/07\/27.jpg","width":1080,"height":1080,"caption":"Taller \"dibuixem les plantes de la Vall\""},{"@type":"BreadcrumbList","@id":"https:\/\/espailavansa.com\/es\/producte\/inscripcio-taller-ilustracio\/#breadcrumb","itemListElement":[{"@type":"ListItem","position":1,"name":"Inici","item":"https:\/\/espailavansa.com\/es\/"},{"@type":"ListItem","position":2,"name":"Tienda","item":"https:\/\/espailavansa.com\/tienda\/"},{"@type":"ListItem","position":3,"name":"Inscripci\u00f3 taller d&#8217;il\u00b7lustraci\u00f3 bot\u00e0nica"}]},{"@type":"WebSite","@id":"https:\/\/espailavansa.com\/es\/#website","url":"https:\/\/espailavansa.com\/es\/","name":"Espai La Vansa","description":"Espacio cultural en el Valle de La Vansa","potentialAction":[{"@type":"SearchAction","target":{"@type":"EntryPoint","urlTemplate":"https:\/\/espailavansa.com\/es\/?s={search_term_string}"},"query-input":{"@type":"PropertyValueSpecification","valueRequired":true,"valueName":"search_term_string"}}],"inLanguage":"es"}]}},"_links":{"self":[{"href":"https:\/\/espailavansa.com\/es\/wp-json\/wp\/v2\/product\/1465","targetHints":{"allow":["GET"]}}],"collection":[{"href":"https:\/\/espailavansa.com\/es\/wp-json\/wp\/v2\/product"}],"about":[{"href":"https:\/\/espailavansa.com\/es\/wp-json\/wp\/v2\/types\/product"}],"replies":[{"embeddable":true,"href":"https:\/\/espailavansa.com\/es\/wp-json\/wp\/v2\/comments?post=1465"}],"wp:featuredmedia":[{"embeddable":true,"href":"https:\/\/espailavansa.com\/es\/wp-json\/wp\/v2\/media\/1461"}],"wp:attachment":[{"href":"https:\/\/espailavansa.com\/es\/wp-json\/wp\/v2\/media?parent=1465"}],"wp:term":[{"taxonomy":"product_brand","embeddable":true,"href":"https:\/\/espailavansa.com\/es\/wp-json\/wp\/v2\/product_brand?post=1465"},{"taxonomy":"product_cat","embeddable":true,"href":"https:\/\/espailavansa.com\/es\/wp-json\/wp\/v2\/product_cat?post=1465"},{"taxonomy":"product_tag","embeddable":true,"href":"https:\/\/espailavansa.com\/es\/wp-json\/wp\/v2\/product_tag?post=1465"}],"curies":[{"name":"wp","href":"https:\/\/api.w.org\/{rel}","templated":true}]}}