{"id":1456,"date":"2025-07-10T16:07:42","date_gmt":"2025-07-10T14:07:42","guid":{"rendered":"https:\/\/espailavansa.com\/?post_type=product&#038;p=1456"},"modified":"2025-07-10T16:17:09","modified_gmt":"2025-07-10T14:17:09","slug":"inscripcio-itinerari-etnobotanic","status":"publish","type":"product","link":"https:\/\/espailavansa.com\/es\/producte\/inscripcio-itinerari-etnobotanic\/","title":{"rendered":"Inscripci\u00f3 itinerari etnobot\u00e0nic"},"content":{"rendered":"<p><strong>Data<\/strong><\/p>\n<p>19 de juliol de 2025<\/p>\n<p><strong>Horari<\/strong><\/p>\n<p>17 h &#8211; 19 h<\/p>\n<p><strong>Descripci\u00f3<\/strong><\/p>\n<p>Passejada pels volts de l&#8217;Espai La Vansa guiada per l&#8217;etnobot\u00e0nica Elena Sixto per a descobrir i recon\u00e8ixer plantes medicinals silvestres i els seus usos tradicionals.<\/p>\n<p><strong>Tallerista<\/strong><\/p>\n<p>A c\u00e0rrec d&#8217;Elena Sixto.<\/p>\n<p><strong>Edat<\/strong><\/p>\n<p>Taller per a totes les edats<\/p>\n","protected":false},"excerpt":{"rendered":"<p>Passejada pels volts de l&#8217;Espai La Vansa guiada per l&#8217;etnobot\u00e0nica Elena Sixto per a descobrir i recon\u00e8ixer plantes medicinals silvestres i els seus usos tradicionals.<\/p>\n","protected":false},"featured_media":1450,"comment_status":"closed","ping_status":"closed","template":"","meta":[],"product_brand":[],"product_cat":[33],"product_tag":[],"class_list":{"0":"post-1456","1":"product","2":"type-product","3":"status-publish","4":"has-post-thumbnail","6":"product_cat-entrades","8":"first","9":"instock","10":"taxable","11":"shipping-taxable","12":"purchasable","13":"product-type-simple"},"yoast_head":"<!-- This site is optimized with the Yoast SEO plugin v26.2 - https:\/\/yoast.com\/wordpress\/plugins\/seo\/ -->\n<title>Inscripci\u00f3 itinerari etnobot\u00e0nic - Espai La Vansa<\/title>\n<meta name=\"description\" content=\"Passejada pels volts de l&#039;Espai La Vansa guiada per l&#039;etnobot\u00e0nica Elena Sixto per a descobrir i recon\u00e8ixer plantes medicinals silvestres i els seus usos tradicionals.\" \/>\n<meta name=\"robots\" content=\"index, follow, max-snippet:-1, max-image-preview:large, max-video-preview:-1\" \/>\n<link rel=\"canonical\" href=\"https:\/\/espailavansa.com\/es\/producte\/inscripcio-itinerari-etnobotanic\/\" \/>\n<meta property=\"og:locale\" content=\"es_ES\" \/>\n<meta property=\"og:type\" content=\"article\" \/>\n<meta property=\"og:title\" content=\"Inscripci\u00f3 itinerari etnobot\u00e0nic - Espai La Vansa\" \/>\n<meta property=\"og:description\" content=\"Passejada pels volts de l&#039;Espai La Vansa guiada per l&#039;etnobot\u00e0nica Elena Sixto per a descobrir i recon\u00e8ixer plantes medicinals silvestres i els seus usos tradicionals.\" \/>\n<meta property=\"og:url\" content=\"https:\/\/espailavansa.com\/es\/producte\/inscripcio-itinerari-etnobotanic\/\" \/>\n<meta property=\"og:site_name\" content=\"Espai La Vansa\" \/>\n<meta property=\"article:modified_time\" content=\"2025-07-10T14:17:09+00:00\" \/>\n<meta property=\"og:image\" content=\"https:\/\/espailavansa.com\/wp-content\/uploads\/2025\/07\/24.jpg\" \/>\n\t<meta property=\"og:image:width\" content=\"1080\" \/>\n\t<meta property=\"og:image:height\" content=\"1080\" \/>\n\t<meta property=\"og:image:type\" content=\"image\/jpeg\" \/>\n<meta name=\"twitter:card\" content=\"summary_large_image\" \/>\n<meta name=\"twitter:label1\" content=\"Tiempo de lectura\" \/>\n\t<meta name=\"twitter:data1\" content=\"1 minuto\" \/>\n<script type=\"application\/ld+json\" class=\"yoast-schema-graph\">{\"@context\":\"https:\/\/schema.org\",\"@graph\":[{\"@type\":\"WebPage\",\"@id\":\"https:\/\/espailavansa.com\/es\/producte\/inscripcio-itinerari-etnobotanic\/\",\"url\":\"https:\/\/espailavansa.com\/es\/producte\/inscripcio-itinerari-etnobotanic\/\",\"name\":\"Inscripci\u00f3 itinerari etnobot\u00e0nic - Espai La Vansa\",\"isPartOf\":{\"@id\":\"https:\/\/espailavansa.com\/es\/#website\"},\"primaryImageOfPage\":{\"@id\":\"https:\/\/espailavansa.com\/es\/producte\/inscripcio-itinerari-etnobotanic\/#primaryimage\"},\"image\":{\"@id\":\"https:\/\/espailavansa.com\/es\/producte\/inscripcio-itinerari-etnobotanic\/#primaryimage\"},\"thumbnailUrl\":\"https:\/\/espailavansa.com\/wp-content\/uploads\/2025\/07\/24.jpg\",\"datePublished\":\"2025-07-10T14:07:42+00:00\",\"dateModified\":\"2025-07-10T14:17:09+00:00\",\"description\":\"Passejada pels volts de l'Espai La Vansa guiada per l'etnobot\u00e0nica Elena Sixto per a descobrir i recon\u00e8ixer plantes medicinals silvestres i els seus usos tradicionals.\",\"breadcrumb\":{\"@id\":\"https:\/\/espailavansa.com\/es\/producte\/inscripcio-itinerari-etnobotanic\/#breadcrumb\"},\"inLanguage\":\"es\",\"potentialAction\":[{\"@type\":\"ReadAction\",\"target\":[\"https:\/\/espailavansa.com\/es\/producte\/inscripcio-itinerari-etnobotanic\/\"]}]},{\"@type\":\"ImageObject\",\"inLanguage\":\"es\",\"@id\":\"https:\/\/espailavansa.com\/es\/producte\/inscripcio-itinerari-etnobotanic\/#primaryimage\",\"url\":\"https:\/\/espailavansa.com\/wp-content\/uploads\/2025\/07\/24.jpg\",\"contentUrl\":\"https:\/\/espailavansa.com\/wp-content\/uploads\/2025\/07\/24.jpg\",\"width\":1080,\"height\":1080,\"caption\":\"La veu de les plantes\"},{\"@type\":\"BreadcrumbList\",\"@id\":\"https:\/\/espailavansa.com\/es\/producte\/inscripcio-itinerari-etnobotanic\/#breadcrumb\",\"itemListElement\":[{\"@type\":\"ListItem\",\"position\":1,\"name\":\"Inici\",\"item\":\"https:\/\/espailavansa.com\/es\/\"},{\"@type\":\"ListItem\",\"position\":2,\"name\":\"Tienda\",\"item\":\"https:\/\/espailavansa.com\/tienda\/\"},{\"@type\":\"ListItem\",\"position\":3,\"name\":\"Inscripci\u00f3 itinerari etnobot\u00e0nic\"}]},{\"@type\":\"WebSite\",\"@id\":\"https:\/\/espailavansa.com\/es\/#website\",\"url\":\"https:\/\/espailavansa.com\/es\/\",\"name\":\"Espai La Vansa\",\"description\":\"Espacio cultural en el Valle de La Vansa\",\"potentialAction\":[{\"@type\":\"SearchAction\",\"target\":{\"@type\":\"EntryPoint\",\"urlTemplate\":\"https:\/\/espailavansa.com\/es\/?s={search_term_string}\"},\"query-input\":{\"@type\":\"PropertyValueSpecification\",\"valueRequired\":true,\"valueName\":\"search_term_string\"}}],\"inLanguage\":\"es\"}]}<\/script>\n<!-- \/ Yoast SEO plugin. -->","yoast_head_json":{"title":"Inscripci\u00f3 itinerari etnobot\u00e0nic - Espai La Vansa","description":"Passejada pels volts de l'Espai La Vansa guiada per l'etnobot\u00e0nica Elena Sixto per a descobrir i recon\u00e8ixer plantes medicinals silvestres i els seus usos tradicionals.","robots":{"index":"index","follow":"follow","max-snippet":"max-snippet:-1","max-image-preview":"max-image-preview:large","max-video-preview":"max-video-preview:-1"},"canonical":"https:\/\/espailavansa.com\/es\/producte\/inscripcio-itinerari-etnobotanic\/","og_locale":"es_ES","og_type":"article","og_title":"Inscripci\u00f3 itinerari etnobot\u00e0nic - Espai La Vansa","og_description":"Passejada pels volts de l'Espai La Vansa guiada per l'etnobot\u00e0nica Elena Sixto per a descobrir i recon\u00e8ixer plantes medicinals silvestres i els seus usos tradicionals.","og_url":"https:\/\/espailavansa.com\/es\/producte\/inscripcio-itinerari-etnobotanic\/","og_site_name":"Espai La Vansa","article_modified_time":"2025-07-10T14:17:09+00:00","og_image":[{"width":1080,"height":1080,"url":"https:\/\/espailavansa.com\/wp-content\/uploads\/2025\/07\/24.jpg","type":"image\/jpeg"}],"twitter_card":"summary_large_image","twitter_misc":{"Tiempo de lectura":"1 minuto"},"schema":{"@context":"https:\/\/schema.org","@graph":[{"@type":"WebPage","@id":"https:\/\/espailavansa.com\/es\/producte\/inscripcio-itinerari-etnobotanic\/","url":"https:\/\/espailavansa.com\/es\/producte\/inscripcio-itinerari-etnobotanic\/","name":"Inscripci\u00f3 itinerari etnobot\u00e0nic - Espai La Vansa","isPartOf":{"@id":"https:\/\/espailavansa.com\/es\/#website"},"primaryImageOfPage":{"@id":"https:\/\/espailavansa.com\/es\/producte\/inscripcio-itinerari-etnobotanic\/#primaryimage"},"image":{"@id":"https:\/\/espailavansa.com\/es\/producte\/inscripcio-itinerari-etnobotanic\/#primaryimage"},"thumbnailUrl":"https:\/\/espailavansa.com\/wp-content\/uploads\/2025\/07\/24.jpg","datePublished":"2025-07-10T14:07:42+00:00","dateModified":"2025-07-10T14:17:09+00:00","description":"Passejada pels volts de l'Espai La Vansa guiada per l'etnobot\u00e0nica Elena Sixto per a descobrir i recon\u00e8ixer plantes medicinals silvestres i els seus usos tradicionals.","breadcrumb":{"@id":"https:\/\/espailavansa.com\/es\/producte\/inscripcio-itinerari-etnobotanic\/#breadcrumb"},"inLanguage":"es","potentialAction":[{"@type":"ReadAction","target":["https:\/\/espailavansa.com\/es\/producte\/inscripcio-itinerari-etnobotanic\/"]}]},{"@type":"ImageObject","inLanguage":"es","@id":"https:\/\/espailavansa.com\/es\/producte\/inscripcio-itinerari-etnobotanic\/#primaryimage","url":"https:\/\/espailavansa.com\/wp-content\/uploads\/2025\/07\/24.jpg","contentUrl":"https:\/\/espailavansa.com\/wp-content\/uploads\/2025\/07\/24.jpg","width":1080,"height":1080,"caption":"La veu de les plantes"},{"@type":"BreadcrumbList","@id":"https:\/\/espailavansa.com\/es\/producte\/inscripcio-itinerari-etnobotanic\/#breadcrumb","itemListElement":[{"@type":"ListItem","position":1,"name":"Inici","item":"https:\/\/espailavansa.com\/es\/"},{"@type":"ListItem","position":2,"name":"Tienda","item":"https:\/\/espailavansa.com\/tienda\/"},{"@type":"ListItem","position":3,"name":"Inscripci\u00f3 itinerari etnobot\u00e0nic"}]},{"@type":"WebSite","@id":"https:\/\/espailavansa.com\/es\/#website","url":"https:\/\/espailavansa.com\/es\/","name":"Espai La Vansa","description":"Espacio cultural en el Valle de La Vansa","potentialAction":[{"@type":"SearchAction","target":{"@type":"EntryPoint","urlTemplate":"https:\/\/espailavansa.com\/es\/?s={search_term_string}"},"query-input":{"@type":"PropertyValueSpecification","valueRequired":true,"valueName":"search_term_string"}}],"inLanguage":"es"}]}},"_links":{"self":[{"href":"https:\/\/espailavansa.com\/es\/wp-json\/wp\/v2\/product\/1456","targetHints":{"allow":["GET"]}}],"collection":[{"href":"https:\/\/espailavansa.com\/es\/wp-json\/wp\/v2\/product"}],"about":[{"href":"https:\/\/espailavansa.com\/es\/wp-json\/wp\/v2\/types\/product"}],"replies":[{"embeddable":true,"href":"https:\/\/espailavansa.com\/es\/wp-json\/wp\/v2\/comments?post=1456"}],"wp:featuredmedia":[{"embeddable":true,"href":"https:\/\/espailavansa.com\/es\/wp-json\/wp\/v2\/media\/1450"}],"wp:attachment":[{"href":"https:\/\/espailavansa.com\/es\/wp-json\/wp\/v2\/media?parent=1456"}],"wp:term":[{"taxonomy":"product_brand","embeddable":true,"href":"https:\/\/espailavansa.com\/es\/wp-json\/wp\/v2\/product_brand?post=1456"},{"taxonomy":"product_cat","embeddable":true,"href":"https:\/\/espailavansa.com\/es\/wp-json\/wp\/v2\/product_cat?post=1456"},{"taxonomy":"product_tag","embeddable":true,"href":"https:\/\/espailavansa.com\/es\/wp-json\/wp\/v2\/product_tag?post=1456"}],"curies":[{"name":"wp","href":"https:\/\/api.w.org\/{rel}","templated":true}]}}