{"id":1428,"date":"2025-07-10T10:53:53","date_gmt":"2025-07-10T08:53:53","guid":{"rendered":"https:\/\/espailavansa.com\/?post_type=product&#038;p=1428"},"modified":"2025-07-10T16:22:03","modified_gmt":"2025-07-10T14:22:03","slug":"inscripciotallercant","status":"publish","type":"product","link":"https:\/\/espailavansa.com\/es\/producte\/inscripciotallercant\/","title":{"rendered":"Inscripci\u00f3 taller de cant"},"content":{"rendered":"<p><strong>Data<\/strong><\/p>\n<p>27 de juliol de 2025<\/p>\n<p><strong>Horari<\/strong><\/p>\n<p>11 h &#8211; 13 h<\/p>\n<p><strong>Descripci\u00f3<\/strong><\/p>\n<p><strong data-start=\"0\" data-end=\"36\" data-is-only-node=\"\">Cantem can\u00e7ons sense pretensions<\/strong><br data-start=\"36\" data-end=\"39\" \/>Un taller obert a tothom amb ganes de cantar. Aprendrem can\u00e7ons de la pen\u00ednsula, acompanyades de pandero, per cantar en grup i gaudir del plaer de cantar perqu\u00e8 s\u00ed.<br data-start=\"323\" data-end=\"326\" \/>No cal experi\u00e8ncia pr\u00e8via ni \u201cser cantant\u201d.<\/p>\n<p><strong>Tallerista<\/strong><\/p>\n<p>A c\u00e0rrec de N\u00faria Cela<\/p>\n<p><strong>Edat<\/strong><\/p>\n<p>Taller per a totes les edats.<\/p>\n","protected":false},"excerpt":{"rendered":"<p>\u00abCantem can\u00e7ons sense pretensions\u00bb \u00e9s un taller de cant a c\u00e0rrec de N\u00faria Cela obert a tothom, on el gaudi de cantar plegats \u00e9s l\u2019\u00fanic objectiu. No cal experi\u00e8ncia ni coneixements musicals, nom\u00e9s ganes de compartir can\u00e7ons en un ambient dist\u00e8s i acollidor. Vine a passar-ho b\u00e9 amb la teva veu tal com \u00e9s. Cal inscripci\u00f3 pr\u00e8via.<\/p>\n","protected":false},"featured_media":1446,"comment_status":"closed","ping_status":"closed","template":"","meta":[],"product_brand":[],"product_cat":[33],"product_tag":[],"class_list":{"0":"post-1428","1":"product","2":"type-product","3":"status-publish","4":"has-post-thumbnail","6":"product_cat-entrades","8":"first","9":"instock","10":"taxable","11":"shipping-taxable","12":"purchasable","13":"product-type-simple"},"yoast_head":"<!-- This site is optimized with the Yoast SEO plugin v26.2 - https:\/\/yoast.com\/wordpress\/plugins\/seo\/ -->\n<title>Inscripci\u00f3 taller de cant - Espai La Vansa<\/title>\n<meta name=\"description\" content=\"&quot;Cantem can\u00e7ons sense pretensions&quot; \u00e9s un taller de cant obert a tothom, on el gaudi de cantar plegats \u00e9s l\u2019\u00fanic objectiu. No cal experi\u00e8ncia ni coneixements musicals, nom\u00e9s ganes de compartir can\u00e7ons en un ambient dist\u00e8s i acollidor. Vine a passar-ho b\u00e9 amb la teva veu tal com \u00e9s. A c\u00e0rrec de N\u00faria Cela.\" \/>\n<meta name=\"robots\" content=\"index, follow, max-snippet:-1, max-image-preview:large, max-video-preview:-1\" \/>\n<link rel=\"canonical\" href=\"https:\/\/espailavansa.com\/es\/producte\/inscripciotallercant\/\" \/>\n<meta property=\"og:locale\" content=\"es_ES\" \/>\n<meta property=\"og:type\" content=\"article\" \/>\n<meta property=\"og:title\" content=\"Inscripci\u00f3 taller de cant - Espai La Vansa\" \/>\n<meta property=\"og:description\" content=\"&quot;Cantem can\u00e7ons sense pretensions&quot; \u00e9s un taller de cant obert a tothom, on el gaudi de cantar plegats \u00e9s l\u2019\u00fanic objectiu. No cal experi\u00e8ncia ni coneixements musicals, nom\u00e9s ganes de compartir can\u00e7ons en un ambient dist\u00e8s i acollidor. Vine a passar-ho b\u00e9 amb la teva veu tal com \u00e9s. A c\u00e0rrec de N\u00faria Cela.\" \/>\n<meta property=\"og:url\" content=\"https:\/\/espailavansa.com\/es\/producte\/inscripciotallercant\/\" \/>\n<meta property=\"og:site_name\" content=\"Espai La Vansa\" \/>\n<meta property=\"article:modified_time\" content=\"2025-07-10T14:22:03+00:00\" \/>\n<meta property=\"og:image\" content=\"https:\/\/espailavansa.com\/wp-content\/uploads\/2025\/07\/26.jpg\" \/>\n\t<meta property=\"og:image:width\" content=\"1080\" \/>\n\t<meta property=\"og:image:height\" content=\"1080\" \/>\n\t<meta property=\"og:image:type\" content=\"image\/jpeg\" \/>\n<meta name=\"twitter:card\" content=\"summary_large_image\" \/>\n<meta name=\"twitter:label1\" content=\"Tiempo de lectura\" \/>\n\t<meta name=\"twitter:data1\" content=\"1 minuto\" \/>\n<script type=\"application\/ld+json\" class=\"yoast-schema-graph\">{\"@context\":\"https:\/\/schema.org\",\"@graph\":[{\"@type\":\"WebPage\",\"@id\":\"https:\/\/espailavansa.com\/es\/producte\/inscripciotallercant\/\",\"url\":\"https:\/\/espailavansa.com\/es\/producte\/inscripciotallercant\/\",\"name\":\"Inscripci\u00f3 taller de cant - Espai La Vansa\",\"isPartOf\":{\"@id\":\"https:\/\/espailavansa.com\/es\/#website\"},\"primaryImageOfPage\":{\"@id\":\"https:\/\/espailavansa.com\/es\/producte\/inscripciotallercant\/#primaryimage\"},\"image\":{\"@id\":\"https:\/\/espailavansa.com\/es\/producte\/inscripciotallercant\/#primaryimage\"},\"thumbnailUrl\":\"https:\/\/espailavansa.com\/wp-content\/uploads\/2025\/07\/26.jpg\",\"datePublished\":\"2025-07-10T08:53:53+00:00\",\"dateModified\":\"2025-07-10T14:22:03+00:00\",\"description\":\"\\\"Cantem can\u00e7ons sense pretensions\\\" \u00e9s un taller de cant obert a tothom, on el gaudi de cantar plegats \u00e9s l\u2019\u00fanic objectiu. No cal experi\u00e8ncia ni coneixements musicals, nom\u00e9s ganes de compartir can\u00e7ons en un ambient dist\u00e8s i acollidor. Vine a passar-ho b\u00e9 amb la teva veu tal com \u00e9s. A c\u00e0rrec de N\u00faria Cela.\",\"breadcrumb\":{\"@id\":\"https:\/\/espailavansa.com\/es\/producte\/inscripciotallercant\/#breadcrumb\"},\"inLanguage\":\"es\",\"potentialAction\":[{\"@type\":\"ReadAction\",\"target\":[\"https:\/\/espailavansa.com\/es\/producte\/inscripciotallercant\/\"]}]},{\"@type\":\"ImageObject\",\"inLanguage\":\"es\",\"@id\":\"https:\/\/espailavansa.com\/es\/producte\/inscripciotallercant\/#primaryimage\",\"url\":\"https:\/\/espailavansa.com\/wp-content\/uploads\/2025\/07\/26.jpg\",\"contentUrl\":\"https:\/\/espailavansa.com\/wp-content\/uploads\/2025\/07\/26.jpg\",\"width\":1080,\"height\":1080,\"caption\":\"Taller de cant \\\"Cantem can\u00e7ons sense pretensions\\\"\"},{\"@type\":\"BreadcrumbList\",\"@id\":\"https:\/\/espailavansa.com\/es\/producte\/inscripciotallercant\/#breadcrumb\",\"itemListElement\":[{\"@type\":\"ListItem\",\"position\":1,\"name\":\"Inici\",\"item\":\"https:\/\/espailavansa.com\/es\/\"},{\"@type\":\"ListItem\",\"position\":2,\"name\":\"Tienda\",\"item\":\"https:\/\/espailavansa.com\/tienda\/\"},{\"@type\":\"ListItem\",\"position\":3,\"name\":\"Inscripci\u00f3 taller de cant\"}]},{\"@type\":\"WebSite\",\"@id\":\"https:\/\/espailavansa.com\/es\/#website\",\"url\":\"https:\/\/espailavansa.com\/es\/\",\"name\":\"Espai La Vansa\",\"description\":\"Espacio cultural en el Valle de La Vansa\",\"potentialAction\":[{\"@type\":\"SearchAction\",\"target\":{\"@type\":\"EntryPoint\",\"urlTemplate\":\"https:\/\/espailavansa.com\/es\/?s={search_term_string}\"},\"query-input\":{\"@type\":\"PropertyValueSpecification\",\"valueRequired\":true,\"valueName\":\"search_term_string\"}}],\"inLanguage\":\"es\"}]}<\/script>\n<!-- \/ Yoast SEO plugin. -->","yoast_head_json":{"title":"Inscripci\u00f3 taller de cant - Espai La Vansa","description":"\"Cantem can\u00e7ons sense pretensions\" \u00e9s un taller de cant obert a tothom, on el gaudi de cantar plegats \u00e9s l\u2019\u00fanic objectiu. No cal experi\u00e8ncia ni coneixements musicals, nom\u00e9s ganes de compartir can\u00e7ons en un ambient dist\u00e8s i acollidor. Vine a passar-ho b\u00e9 amb la teva veu tal com \u00e9s. A c\u00e0rrec de N\u00faria Cela.","robots":{"index":"index","follow":"follow","max-snippet":"max-snippet:-1","max-image-preview":"max-image-preview:large","max-video-preview":"max-video-preview:-1"},"canonical":"https:\/\/espailavansa.com\/es\/producte\/inscripciotallercant\/","og_locale":"es_ES","og_type":"article","og_title":"Inscripci\u00f3 taller de cant - Espai La Vansa","og_description":"\"Cantem can\u00e7ons sense pretensions\" \u00e9s un taller de cant obert a tothom, on el gaudi de cantar plegats \u00e9s l\u2019\u00fanic objectiu. No cal experi\u00e8ncia ni coneixements musicals, nom\u00e9s ganes de compartir can\u00e7ons en un ambient dist\u00e8s i acollidor. Vine a passar-ho b\u00e9 amb la teva veu tal com \u00e9s. A c\u00e0rrec de N\u00faria Cela.","og_url":"https:\/\/espailavansa.com\/es\/producte\/inscripciotallercant\/","og_site_name":"Espai La Vansa","article_modified_time":"2025-07-10T14:22:03+00:00","og_image":[{"width":1080,"height":1080,"url":"https:\/\/espailavansa.com\/wp-content\/uploads\/2025\/07\/26.jpg","type":"image\/jpeg"}],"twitter_card":"summary_large_image","twitter_misc":{"Tiempo de lectura":"1 minuto"},"schema":{"@context":"https:\/\/schema.org","@graph":[{"@type":"WebPage","@id":"https:\/\/espailavansa.com\/es\/producte\/inscripciotallercant\/","url":"https:\/\/espailavansa.com\/es\/producte\/inscripciotallercant\/","name":"Inscripci\u00f3 taller de cant - Espai La Vansa","isPartOf":{"@id":"https:\/\/espailavansa.com\/es\/#website"},"primaryImageOfPage":{"@id":"https:\/\/espailavansa.com\/es\/producte\/inscripciotallercant\/#primaryimage"},"image":{"@id":"https:\/\/espailavansa.com\/es\/producte\/inscripciotallercant\/#primaryimage"},"thumbnailUrl":"https:\/\/espailavansa.com\/wp-content\/uploads\/2025\/07\/26.jpg","datePublished":"2025-07-10T08:53:53+00:00","dateModified":"2025-07-10T14:22:03+00:00","description":"\"Cantem can\u00e7ons sense pretensions\" \u00e9s un taller de cant obert a tothom, on el gaudi de cantar plegats \u00e9s l\u2019\u00fanic objectiu. No cal experi\u00e8ncia ni coneixements musicals, nom\u00e9s ganes de compartir can\u00e7ons en un ambient dist\u00e8s i acollidor. Vine a passar-ho b\u00e9 amb la teva veu tal com \u00e9s. A c\u00e0rrec de N\u00faria Cela.","breadcrumb":{"@id":"https:\/\/espailavansa.com\/es\/producte\/inscripciotallercant\/#breadcrumb"},"inLanguage":"es","potentialAction":[{"@type":"ReadAction","target":["https:\/\/espailavansa.com\/es\/producte\/inscripciotallercant\/"]}]},{"@type":"ImageObject","inLanguage":"es","@id":"https:\/\/espailavansa.com\/es\/producte\/inscripciotallercant\/#primaryimage","url":"https:\/\/espailavansa.com\/wp-content\/uploads\/2025\/07\/26.jpg","contentUrl":"https:\/\/espailavansa.com\/wp-content\/uploads\/2025\/07\/26.jpg","width":1080,"height":1080,"caption":"Taller de cant \"Cantem can\u00e7ons sense pretensions\""},{"@type":"BreadcrumbList","@id":"https:\/\/espailavansa.com\/es\/producte\/inscripciotallercant\/#breadcrumb","itemListElement":[{"@type":"ListItem","position":1,"name":"Inici","item":"https:\/\/espailavansa.com\/es\/"},{"@type":"ListItem","position":2,"name":"Tienda","item":"https:\/\/espailavansa.com\/tienda\/"},{"@type":"ListItem","position":3,"name":"Inscripci\u00f3 taller de cant"}]},{"@type":"WebSite","@id":"https:\/\/espailavansa.com\/es\/#website","url":"https:\/\/espailavansa.com\/es\/","name":"Espai La Vansa","description":"Espacio cultural en el Valle de La Vansa","potentialAction":[{"@type":"SearchAction","target":{"@type":"EntryPoint","urlTemplate":"https:\/\/espailavansa.com\/es\/?s={search_term_string}"},"query-input":{"@type":"PropertyValueSpecification","valueRequired":true,"valueName":"search_term_string"}}],"inLanguage":"es"}]}},"_links":{"self":[{"href":"https:\/\/espailavansa.com\/es\/wp-json\/wp\/v2\/product\/1428","targetHints":{"allow":["GET"]}}],"collection":[{"href":"https:\/\/espailavansa.com\/es\/wp-json\/wp\/v2\/product"}],"about":[{"href":"https:\/\/espailavansa.com\/es\/wp-json\/wp\/v2\/types\/product"}],"replies":[{"embeddable":true,"href":"https:\/\/espailavansa.com\/es\/wp-json\/wp\/v2\/comments?post=1428"}],"wp:featuredmedia":[{"embeddable":true,"href":"https:\/\/espailavansa.com\/es\/wp-json\/wp\/v2\/media\/1446"}],"wp:attachment":[{"href":"https:\/\/espailavansa.com\/es\/wp-json\/wp\/v2\/media?parent=1428"}],"wp:term":[{"taxonomy":"product_brand","embeddable":true,"href":"https:\/\/espailavansa.com\/es\/wp-json\/wp\/v2\/product_brand?post=1428"},{"taxonomy":"product_cat","embeddable":true,"href":"https:\/\/espailavansa.com\/es\/wp-json\/wp\/v2\/product_cat?post=1428"},{"taxonomy":"product_tag","embeddable":true,"href":"https:\/\/espailavansa.com\/es\/wp-json\/wp\/v2\/product_tag?post=1428"}],"curies":[{"name":"wp","href":"https:\/\/api.w.org\/{rel}","templated":true}]}}