{"id":1304,"date":"2025-05-09T09:00:12","date_gmt":"2025-05-09T07:00:12","guid":{"rendered":"https:\/\/espailavansa.com\/producte\/pack-naturaleza\/"},"modified":"2025-07-03T09:45:46","modified_gmt":"2025-07-03T07:45:46","slug":"pack-naturaleza","status":"publish","type":"product","link":"https:\/\/espailavansa.com\/es\/producte\/pack-naturaleza\/","title":{"rendered":"Pack naturaleza"},"content":{"rendered":"<p>Vive la naturaleza con tranquilidad y libertad. Con este pack, pasar\u00e1s la noche en el camping de El Mol\u00ed de F\u00f3rnols, un lugar acogedor y tranquilo ideal para conectar con el entorno. <\/p>\n<p>Tanto si vienes con tienda como con furgoneta camper, tendr\u00e1s espacio y servicios para disfrutar de una velada c\u00f3moda y rodeada de monta\u00f1as.<\/p>\n<p>Completa la experiencia con un almuerzo en el Espai La Vansa, donde te cuidaremos con cocina de monta\u00f1a y productos del valle.<\/p>\n","protected":false},"excerpt":{"rendered":"<p>Incluye noche en el camping El Mol\u00ed de F\u00f3rnols + almuerzo en el Espai La Vansa (para dos adultos)<\/p>\n","protected":false},"featured_media":1306,"comment_status":"closed","ping_status":"closed","template":"","meta":[],"product_brand":[],"product_cat":[43],"product_tag":[],"class_list":{"0":"post-1304","1":"product","2":"type-product","3":"status-publish","4":"has-post-thumbnail","6":"product_cat-packs-es","8":"first","9":"instock","10":"taxable","11":"shipping-taxable","12":"purchasable","13":"product-type-variable"},"yoast_head":"<!-- This site is optimized with the Yoast SEO plugin v26.2 - https:\/\/yoast.com\/wordpress\/plugins\/seo\/ -->\n<title>Pack Naturaleza: actividades al aire libre<\/title>\n<meta name=\"description\" content=\"Vive experiencias naturales con este pack ideal para festivales rurales\" \/>\n<meta name=\"robots\" content=\"index, follow, max-snippet:-1, max-image-preview:large, max-video-preview:-1\" \/>\n<link rel=\"canonical\" href=\"https:\/\/espailavansa.com\/es\/producte\/pack-naturaleza\/\" \/>\n<meta property=\"og:locale\" content=\"es_ES\" \/>\n<meta property=\"og:type\" content=\"article\" \/>\n<meta property=\"og:title\" content=\"Pack Naturaleza: actividades al aire libre\" \/>\n<meta property=\"og:description\" content=\"Vive experiencias naturales con este pack ideal para festivales rurales\" \/>\n<meta property=\"og:url\" content=\"https:\/\/espailavansa.com\/es\/producte\/pack-naturaleza\/\" \/>\n<meta property=\"og:site_name\" content=\"Espai La Vansa\" \/>\n<meta property=\"article:modified_time\" content=\"2025-07-03T07:45:46+00:00\" \/>\n<meta property=\"og:image\" content=\"https:\/\/espailavansa.com\/wp-content\/uploads\/2025\/05\/espai-la-vansa-pack-natura-2-e1749030012180.jpg\" \/>\n\t<meta property=\"og:image:width\" content=\"748\" \/>\n\t<meta property=\"og:image:height\" content=\"748\" \/>\n\t<meta property=\"og:image:type\" content=\"image\/jpeg\" \/>\n<meta name=\"twitter:card\" content=\"summary_large_image\" \/>\n<script type=\"application\/ld+json\" class=\"yoast-schema-graph\">{\"@context\":\"https:\/\/schema.org\",\"@graph\":[{\"@type\":\"WebPage\",\"@id\":\"https:\/\/espailavansa.com\/es\/producte\/pack-naturaleza\/\",\"url\":\"https:\/\/espailavansa.com\/es\/producte\/pack-naturaleza\/\",\"name\":\"Pack Naturaleza: actividades al aire libre\",\"isPartOf\":{\"@id\":\"https:\/\/espailavansa.com\/es\/#website\"},\"primaryImageOfPage\":{\"@id\":\"https:\/\/espailavansa.com\/es\/producte\/pack-naturaleza\/#primaryimage\"},\"image\":{\"@id\":\"https:\/\/espailavansa.com\/es\/producte\/pack-naturaleza\/#primaryimage\"},\"thumbnailUrl\":\"https:\/\/espailavansa.com\/wp-content\/uploads\/2025\/05\/espai-la-vansa-pack-natura-2-e1749030012180.jpg\",\"datePublished\":\"2025-05-09T07:00:12+00:00\",\"dateModified\":\"2025-07-03T07:45:46+00:00\",\"description\":\"Vive experiencias naturales con este pack ideal para festivales rurales\",\"breadcrumb\":{\"@id\":\"https:\/\/espailavansa.com\/es\/producte\/pack-naturaleza\/#breadcrumb\"},\"inLanguage\":\"es\",\"potentialAction\":[{\"@type\":\"ReadAction\",\"target\":[\"https:\/\/espailavansa.com\/es\/producte\/pack-naturaleza\/\"]}]},{\"@type\":\"ImageObject\",\"inLanguage\":\"es\",\"@id\":\"https:\/\/espailavansa.com\/es\/producte\/pack-naturaleza\/#primaryimage\",\"url\":\"https:\/\/espailavansa.com\/wp-content\/uploads\/2025\/05\/espai-la-vansa-pack-natura-2-e1749030012180.jpg\",\"contentUrl\":\"https:\/\/espailavansa.com\/wp-content\/uploads\/2025\/05\/espai-la-vansa-pack-natura-2-e1749030012180.jpg\",\"width\":748,\"height\":748,\"caption\":\"Pack naturaleza\"},{\"@type\":\"BreadcrumbList\",\"@id\":\"https:\/\/espailavansa.com\/es\/producte\/pack-naturaleza\/#breadcrumb\",\"itemListElement\":[{\"@type\":\"ListItem\",\"position\":1,\"name\":\"Inici\",\"item\":\"https:\/\/espailavansa.com\/es\/\"},{\"@type\":\"ListItem\",\"position\":2,\"name\":\"Tienda\",\"item\":\"https:\/\/espailavansa.com\/tienda\/\"},{\"@type\":\"ListItem\",\"position\":3,\"name\":\"Pack naturaleza\"}]},{\"@type\":\"WebSite\",\"@id\":\"https:\/\/espailavansa.com\/es\/#website\",\"url\":\"https:\/\/espailavansa.com\/es\/\",\"name\":\"Espai La Vansa\",\"description\":\"Espacio cultural en el Valle de La Vansa\",\"potentialAction\":[{\"@type\":\"SearchAction\",\"target\":{\"@type\":\"EntryPoint\",\"urlTemplate\":\"https:\/\/espailavansa.com\/es\/?s={search_term_string}\"},\"query-input\":{\"@type\":\"PropertyValueSpecification\",\"valueRequired\":true,\"valueName\":\"search_term_string\"}}],\"inLanguage\":\"es\"}]}<\/script>\n<!-- \/ Yoast SEO plugin. -->","yoast_head_json":{"title":"Pack Naturaleza: actividades al aire libre","description":"Vive experiencias naturales con este pack ideal para festivales rurales","robots":{"index":"index","follow":"follow","max-snippet":"max-snippet:-1","max-image-preview":"max-image-preview:large","max-video-preview":"max-video-preview:-1"},"canonical":"https:\/\/espailavansa.com\/es\/producte\/pack-naturaleza\/","og_locale":"es_ES","og_type":"article","og_title":"Pack Naturaleza: actividades al aire libre","og_description":"Vive experiencias naturales con este pack ideal para festivales rurales","og_url":"https:\/\/espailavansa.com\/es\/producte\/pack-naturaleza\/","og_site_name":"Espai La Vansa","article_modified_time":"2025-07-03T07:45:46+00:00","og_image":[{"width":748,"height":748,"url":"https:\/\/espailavansa.com\/wp-content\/uploads\/2025\/05\/espai-la-vansa-pack-natura-2-e1749030012180.jpg","type":"image\/jpeg"}],"twitter_card":"summary_large_image","schema":{"@context":"https:\/\/schema.org","@graph":[{"@type":"WebPage","@id":"https:\/\/espailavansa.com\/es\/producte\/pack-naturaleza\/","url":"https:\/\/espailavansa.com\/es\/producte\/pack-naturaleza\/","name":"Pack Naturaleza: actividades al aire libre","isPartOf":{"@id":"https:\/\/espailavansa.com\/es\/#website"},"primaryImageOfPage":{"@id":"https:\/\/espailavansa.com\/es\/producte\/pack-naturaleza\/#primaryimage"},"image":{"@id":"https:\/\/espailavansa.com\/es\/producte\/pack-naturaleza\/#primaryimage"},"thumbnailUrl":"https:\/\/espailavansa.com\/wp-content\/uploads\/2025\/05\/espai-la-vansa-pack-natura-2-e1749030012180.jpg","datePublished":"2025-05-09T07:00:12+00:00","dateModified":"2025-07-03T07:45:46+00:00","description":"Vive experiencias naturales con este pack ideal para festivales rurales","breadcrumb":{"@id":"https:\/\/espailavansa.com\/es\/producte\/pack-naturaleza\/#breadcrumb"},"inLanguage":"es","potentialAction":[{"@type":"ReadAction","target":["https:\/\/espailavansa.com\/es\/producte\/pack-naturaleza\/"]}]},{"@type":"ImageObject","inLanguage":"es","@id":"https:\/\/espailavansa.com\/es\/producte\/pack-naturaleza\/#primaryimage","url":"https:\/\/espailavansa.com\/wp-content\/uploads\/2025\/05\/espai-la-vansa-pack-natura-2-e1749030012180.jpg","contentUrl":"https:\/\/espailavansa.com\/wp-content\/uploads\/2025\/05\/espai-la-vansa-pack-natura-2-e1749030012180.jpg","width":748,"height":748,"caption":"Pack naturaleza"},{"@type":"BreadcrumbList","@id":"https:\/\/espailavansa.com\/es\/producte\/pack-naturaleza\/#breadcrumb","itemListElement":[{"@type":"ListItem","position":1,"name":"Inici","item":"https:\/\/espailavansa.com\/es\/"},{"@type":"ListItem","position":2,"name":"Tienda","item":"https:\/\/espailavansa.com\/tienda\/"},{"@type":"ListItem","position":3,"name":"Pack naturaleza"}]},{"@type":"WebSite","@id":"https:\/\/espailavansa.com\/es\/#website","url":"https:\/\/espailavansa.com\/es\/","name":"Espai La Vansa","description":"Espacio cultural en el Valle de La Vansa","potentialAction":[{"@type":"SearchAction","target":{"@type":"EntryPoint","urlTemplate":"https:\/\/espailavansa.com\/es\/?s={search_term_string}"},"query-input":{"@type":"PropertyValueSpecification","valueRequired":true,"valueName":"search_term_string"}}],"inLanguage":"es"}]}},"_links":{"self":[{"href":"https:\/\/espailavansa.com\/es\/wp-json\/wp\/v2\/product\/1304","targetHints":{"allow":["GET"]}}],"collection":[{"href":"https:\/\/espailavansa.com\/es\/wp-json\/wp\/v2\/product"}],"about":[{"href":"https:\/\/espailavansa.com\/es\/wp-json\/wp\/v2\/types\/product"}],"replies":[{"embeddable":true,"href":"https:\/\/espailavansa.com\/es\/wp-json\/wp\/v2\/comments?post=1304"}],"wp:featuredmedia":[{"embeddable":true,"href":"https:\/\/espailavansa.com\/es\/wp-json\/wp\/v2\/media\/1306"}],"wp:attachment":[{"href":"https:\/\/espailavansa.com\/es\/wp-json\/wp\/v2\/media?parent=1304"}],"wp:term":[{"taxonomy":"product_brand","embeddable":true,"href":"https:\/\/espailavansa.com\/es\/wp-json\/wp\/v2\/product_brand?post=1304"},{"taxonomy":"product_cat","embeddable":true,"href":"https:\/\/espailavansa.com\/es\/wp-json\/wp\/v2\/product_cat?post=1304"},{"taxonomy":"product_tag","embeddable":true,"href":"https:\/\/espailavansa.com\/es\/wp-json\/wp\/v2\/product_tag?post=1304"}],"curies":[{"name":"wp","href":"https:\/\/api.w.org\/{rel}","templated":true}]}}