{"id":1294,"date":"2025-04-28T11:35:42","date_gmt":"2025-04-28T09:35:42","guid":{"rendered":"https:\/\/espailavansa.com\/producte\/pack-esencia\/"},"modified":"2025-07-03T09:45:45","modified_gmt":"2025-07-03T07:45:45","slug":"pack-esencia","status":"publish","type":"product","link":"https:\/\/espailavansa.com\/es\/producte\/pack-esencia\/","title":{"rendered":"Pack esencia"},"content":{"rendered":"<p>Descubre la esencia del valle con este pack pensado para el que quiere llevarse una experiencia completa en poco tiempo.<\/p>\n<p> Disfrutar\u00e1s de un almuerzo en nuestra taberna de monta\u00f1a, con platos elaborados con productos de proximidad y una cocina honesta y sabrosa.<\/p>\n<p> Adem\u00e1s, te llevar\u00e1s un recuerdo especial: una pieza de artesan\u00eda hecha con amor por manos locales, para que puedas conservar una parte de ese territorio en tu casa.<\/p>\n","protected":false},"excerpt":{"rendered":"<p>Almuerzo en el Espacio La Vansa + producto de artesan\u00eda local<\/p>\n","protected":false},"featured_media":1295,"comment_status":"closed","ping_status":"closed","template":"","meta":[],"product_brand":[],"product_cat":[43],"product_tag":[],"class_list":{"0":"post-1294","1":"product","2":"type-product","3":"status-publish","4":"has-post-thumbnail","6":"product_cat-packs-es","8":"first","9":"instock","10":"taxable","11":"shipping-taxable","12":"purchasable","13":"product-type-variable"},"yoast_head":"<!-- This site is optimized with the Yoast SEO plugin v26.2 - https:\/\/yoast.com\/wordpress\/plugins\/seo\/ -->\n<title>Pack Esencia: calma y naturaleza<\/title>\n<meta name=\"description\" content=\"Rel\u00e1jate con actividades tranquilas en un festival rural \u00fanico\" \/>\n<meta name=\"robots\" content=\"index, follow, max-snippet:-1, max-image-preview:large, max-video-preview:-1\" \/>\n<link rel=\"canonical\" href=\"https:\/\/espailavansa.com\/es\/producte\/pack-esencia\/\" \/>\n<meta property=\"og:locale\" content=\"es_ES\" \/>\n<meta property=\"og:type\" content=\"article\" \/>\n<meta property=\"og:title\" content=\"Pack Esencia: calma y naturaleza\" \/>\n<meta property=\"og:description\" content=\"Rel\u00e1jate con actividades tranquilas en un festival rural \u00fanico\" \/>\n<meta property=\"og:url\" content=\"https:\/\/espailavansa.com\/es\/producte\/pack-esencia\/\" \/>\n<meta property=\"og:site_name\" content=\"Espai La Vansa\" \/>\n<meta property=\"article:modified_time\" content=\"2025-07-03T07:45:45+00:00\" \/>\n<meta property=\"og:image\" content=\"https:\/\/espailavansa.com\/wp-content\/uploads\/2025\/05\/espai-la-vansa-pack-essencia-2-scaled-e1749028998344-1030x1030.jpg\" \/>\n\t<meta property=\"og:image:width\" content=\"1030\" \/>\n\t<meta property=\"og:image:height\" content=\"1030\" \/>\n\t<meta property=\"og:image:type\" content=\"image\/jpeg\" \/>\n<meta name=\"twitter:card\" content=\"summary_large_image\" \/>\n<script type=\"application\/ld+json\" class=\"yoast-schema-graph\">{\"@context\":\"https:\/\/schema.org\",\"@graph\":[{\"@type\":\"WebPage\",\"@id\":\"https:\/\/espailavansa.com\/es\/producte\/pack-esencia\/\",\"url\":\"https:\/\/espailavansa.com\/es\/producte\/pack-esencia\/\",\"name\":\"Pack Esencia: calma y naturaleza\",\"isPartOf\":{\"@id\":\"https:\/\/espailavansa.com\/es\/#website\"},\"primaryImageOfPage\":{\"@id\":\"https:\/\/espailavansa.com\/es\/producte\/pack-esencia\/#primaryimage\"},\"image\":{\"@id\":\"https:\/\/espailavansa.com\/es\/producte\/pack-esencia\/#primaryimage\"},\"thumbnailUrl\":\"https:\/\/espailavansa.com\/wp-content\/uploads\/2025\/05\/espai-la-vansa-pack-essencia-2-scaled-e1749028998344.jpg\",\"datePublished\":\"2025-04-28T09:35:42+00:00\",\"dateModified\":\"2025-07-03T07:45:45+00:00\",\"description\":\"Rel\u00e1jate con actividades tranquilas en un festival rural \u00fanico\",\"breadcrumb\":{\"@id\":\"https:\/\/espailavansa.com\/es\/producte\/pack-esencia\/#breadcrumb\"},\"inLanguage\":\"es\",\"potentialAction\":[{\"@type\":\"ReadAction\",\"target\":[\"https:\/\/espailavansa.com\/es\/producte\/pack-esencia\/\"]}]},{\"@type\":\"ImageObject\",\"inLanguage\":\"es\",\"@id\":\"https:\/\/espailavansa.com\/es\/producte\/pack-esencia\/#primaryimage\",\"url\":\"https:\/\/espailavansa.com\/wp-content\/uploads\/2025\/05\/espai-la-vansa-pack-essencia-2-scaled-e1749028998344.jpg\",\"contentUrl\":\"https:\/\/espailavansa.com\/wp-content\/uploads\/2025\/05\/espai-la-vansa-pack-essencia-2-scaled-e1749028998344.jpg\",\"width\":1707,\"height\":1707,\"caption\":\"Pack aventura\"},{\"@type\":\"BreadcrumbList\",\"@id\":\"https:\/\/espailavansa.com\/es\/producte\/pack-esencia\/#breadcrumb\",\"itemListElement\":[{\"@type\":\"ListItem\",\"position\":1,\"name\":\"Inici\",\"item\":\"https:\/\/espailavansa.com\/es\/\"},{\"@type\":\"ListItem\",\"position\":2,\"name\":\"Tienda\",\"item\":\"https:\/\/espailavansa.com\/tienda\/\"},{\"@type\":\"ListItem\",\"position\":3,\"name\":\"Pack esencia\"}]},{\"@type\":\"WebSite\",\"@id\":\"https:\/\/espailavansa.com\/es\/#website\",\"url\":\"https:\/\/espailavansa.com\/es\/\",\"name\":\"Espai La Vansa\",\"description\":\"Espacio cultural en el Valle de La Vansa\",\"potentialAction\":[{\"@type\":\"SearchAction\",\"target\":{\"@type\":\"EntryPoint\",\"urlTemplate\":\"https:\/\/espailavansa.com\/es\/?s={search_term_string}\"},\"query-input\":{\"@type\":\"PropertyValueSpecification\",\"valueRequired\":true,\"valueName\":\"search_term_string\"}}],\"inLanguage\":\"es\"}]}<\/script>\n<!-- \/ Yoast SEO plugin. -->","yoast_head_json":{"title":"Pack Esencia: calma y naturaleza","description":"Rel\u00e1jate con actividades tranquilas en un festival rural \u00fanico","robots":{"index":"index","follow":"follow","max-snippet":"max-snippet:-1","max-image-preview":"max-image-preview:large","max-video-preview":"max-video-preview:-1"},"canonical":"https:\/\/espailavansa.com\/es\/producte\/pack-esencia\/","og_locale":"es_ES","og_type":"article","og_title":"Pack Esencia: calma y naturaleza","og_description":"Rel\u00e1jate con actividades tranquilas en un festival rural \u00fanico","og_url":"https:\/\/espailavansa.com\/es\/producte\/pack-esencia\/","og_site_name":"Espai La Vansa","article_modified_time":"2025-07-03T07:45:45+00:00","og_image":[{"width":1030,"height":1030,"url":"https:\/\/espailavansa.com\/wp-content\/uploads\/2025\/05\/espai-la-vansa-pack-essencia-2-scaled-e1749028998344-1030x1030.jpg","type":"image\/jpeg"}],"twitter_card":"summary_large_image","schema":{"@context":"https:\/\/schema.org","@graph":[{"@type":"WebPage","@id":"https:\/\/espailavansa.com\/es\/producte\/pack-esencia\/","url":"https:\/\/espailavansa.com\/es\/producte\/pack-esencia\/","name":"Pack Esencia: calma y naturaleza","isPartOf":{"@id":"https:\/\/espailavansa.com\/es\/#website"},"primaryImageOfPage":{"@id":"https:\/\/espailavansa.com\/es\/producte\/pack-esencia\/#primaryimage"},"image":{"@id":"https:\/\/espailavansa.com\/es\/producte\/pack-esencia\/#primaryimage"},"thumbnailUrl":"https:\/\/espailavansa.com\/wp-content\/uploads\/2025\/05\/espai-la-vansa-pack-essencia-2-scaled-e1749028998344.jpg","datePublished":"2025-04-28T09:35:42+00:00","dateModified":"2025-07-03T07:45:45+00:00","description":"Rel\u00e1jate con actividades tranquilas en un festival rural \u00fanico","breadcrumb":{"@id":"https:\/\/espailavansa.com\/es\/producte\/pack-esencia\/#breadcrumb"},"inLanguage":"es","potentialAction":[{"@type":"ReadAction","target":["https:\/\/espailavansa.com\/es\/producte\/pack-esencia\/"]}]},{"@type":"ImageObject","inLanguage":"es","@id":"https:\/\/espailavansa.com\/es\/producte\/pack-esencia\/#primaryimage","url":"https:\/\/espailavansa.com\/wp-content\/uploads\/2025\/05\/espai-la-vansa-pack-essencia-2-scaled-e1749028998344.jpg","contentUrl":"https:\/\/espailavansa.com\/wp-content\/uploads\/2025\/05\/espai-la-vansa-pack-essencia-2-scaled-e1749028998344.jpg","width":1707,"height":1707,"caption":"Pack aventura"},{"@type":"BreadcrumbList","@id":"https:\/\/espailavansa.com\/es\/producte\/pack-esencia\/#breadcrumb","itemListElement":[{"@type":"ListItem","position":1,"name":"Inici","item":"https:\/\/espailavansa.com\/es\/"},{"@type":"ListItem","position":2,"name":"Tienda","item":"https:\/\/espailavansa.com\/tienda\/"},{"@type":"ListItem","position":3,"name":"Pack esencia"}]},{"@type":"WebSite","@id":"https:\/\/espailavansa.com\/es\/#website","url":"https:\/\/espailavansa.com\/es\/","name":"Espai La Vansa","description":"Espacio cultural en el Valle de La Vansa","potentialAction":[{"@type":"SearchAction","target":{"@type":"EntryPoint","urlTemplate":"https:\/\/espailavansa.com\/es\/?s={search_term_string}"},"query-input":{"@type":"PropertyValueSpecification","valueRequired":true,"valueName":"search_term_string"}}],"inLanguage":"es"}]}},"_links":{"self":[{"href":"https:\/\/espailavansa.com\/es\/wp-json\/wp\/v2\/product\/1294","targetHints":{"allow":["GET"]}}],"collection":[{"href":"https:\/\/espailavansa.com\/es\/wp-json\/wp\/v2\/product"}],"about":[{"href":"https:\/\/espailavansa.com\/es\/wp-json\/wp\/v2\/types\/product"}],"replies":[{"embeddable":true,"href":"https:\/\/espailavansa.com\/es\/wp-json\/wp\/v2\/comments?post=1294"}],"wp:featuredmedia":[{"embeddable":true,"href":"https:\/\/espailavansa.com\/es\/wp-json\/wp\/v2\/media\/1295"}],"wp:attachment":[{"href":"https:\/\/espailavansa.com\/es\/wp-json\/wp\/v2\/media?parent=1294"}],"wp:term":[{"taxonomy":"product_brand","embeddable":true,"href":"https:\/\/espailavansa.com\/es\/wp-json\/wp\/v2\/product_brand?post=1294"},{"taxonomy":"product_cat","embeddable":true,"href":"https:\/\/espailavansa.com\/es\/wp-json\/wp\/v2\/product_cat?post=1294"},{"taxonomy":"product_tag","embeddable":true,"href":"https:\/\/espailavansa.com\/es\/wp-json\/wp\/v2\/product_tag?post=1294"}],"curies":[{"name":"wp","href":"https:\/\/api.w.org\/{rel}","templated":true}]}}