{"id":1288,"date":"2025-05-09T09:01:30","date_gmt":"2025-05-09T07:01:30","guid":{"rendered":"https:\/\/espailavansa.com\/producte\/pack-relax\/"},"modified":"2025-07-03T09:45:43","modified_gmt":"2025-07-03T07:45:43","slug":"pack-relax","status":"publish","type":"product","link":"https:\/\/espailavansa.com\/es\/producte\/pack-relax\/","title":{"rendered":"Pack relax"},"content":{"rendered":"<p>Desconecta y d\u00e9jate cuidar. Este pack es perfecto para parejas que desean regalarse una escapada llena de paz y encanto. <\/p>\n<p>Incluye una noche en <strong data-start=\"2280\" data-end=\"2302\">El Mol\u00ed de F\u00f3rnols<\/strong> , un alojamiento rural con encanto situado en plena naturaleza. La habitaci\u00f3n doble ofrece todas las comodidades para que descanses a gusto y, al d\u00eda siguiente, podr\u00e1 disfrutar juntos de una comida en el Espai La Vansa, rodeados de buen ambiente, paisaje y productos de calidad. <\/p>\n<p>Un merecido capricho, al ritmo de la monta\u00f1a.<\/p>\n","protected":false},"excerpt":{"rendered":"<p>Incluye noche en alojamiento rural El Mol\u00ed de F\u00f3rnols (habitaci\u00f3n doble) + comida en el Espai La Vansa<\/p>\n","protected":false},"featured_media":1292,"comment_status":"closed","ping_status":"closed","template":"","meta":[],"product_brand":[],"product_cat":[43],"product_tag":[],"class_list":{"0":"post-1288","1":"product","2":"type-product","3":"status-publish","4":"has-post-thumbnail","6":"product_cat-packs-es","8":"first","9":"instock","10":"virtual","11":"taxable","12":"purchasable","13":"product-type-simple"},"yoast_head":"<!-- This site is optimized with the Yoast SEO plugin v26.2 - https:\/\/yoast.com\/wordpress\/plugins\/seo\/ -->\n<title>Pack Relax: naturaleza y bienestar<\/title>\n<meta name=\"description\" content=\"Descansa con actividades relajantes en la esencia del festival rural\" \/>\n<meta name=\"robots\" content=\"index, follow, max-snippet:-1, max-image-preview:large, max-video-preview:-1\" \/>\n<link rel=\"canonical\" href=\"https:\/\/espailavansa.com\/es\/producte\/pack-relax\/\" \/>\n<meta property=\"og:locale\" content=\"es_ES\" \/>\n<meta property=\"og:type\" content=\"article\" \/>\n<meta property=\"og:title\" content=\"Pack Relax: naturaleza y bienestar\" \/>\n<meta property=\"og:description\" content=\"Descansa con actividades relajantes en la esencia del festival rural\" \/>\n<meta property=\"og:url\" content=\"https:\/\/espailavansa.com\/es\/producte\/pack-relax\/\" \/>\n<meta property=\"og:site_name\" content=\"Espai La Vansa\" \/>\n<meta property=\"article:modified_time\" content=\"2025-07-03T07:45:43+00:00\" \/>\n<meta property=\"og:image\" content=\"https:\/\/espailavansa.com\/wp-content\/uploads\/2025\/05\/espai-natura-pack-relax-2-e1748958747433.jpg\" \/>\n\t<meta property=\"og:image:width\" content=\"1670\" \/>\n\t<meta property=\"og:image:height\" content=\"1670\" \/>\n\t<meta property=\"og:image:type\" content=\"image\/jpeg\" \/>\n<meta name=\"twitter:card\" content=\"summary_large_image\" \/>\n<script type=\"application\/ld+json\" class=\"yoast-schema-graph\">{\"@context\":\"https:\/\/schema.org\",\"@graph\":[{\"@type\":\"WebPage\",\"@id\":\"https:\/\/espailavansa.com\/es\/producte\/pack-relax\/\",\"url\":\"https:\/\/espailavansa.com\/es\/producte\/pack-relax\/\",\"name\":\"Pack Relax: naturaleza y bienestar\",\"isPartOf\":{\"@id\":\"https:\/\/espailavansa.com\/es\/#website\"},\"primaryImageOfPage\":{\"@id\":\"https:\/\/espailavansa.com\/es\/producte\/pack-relax\/#primaryimage\"},\"image\":{\"@id\":\"https:\/\/espailavansa.com\/es\/producte\/pack-relax\/#primaryimage\"},\"thumbnailUrl\":\"https:\/\/espailavansa.com\/wp-content\/uploads\/2025\/05\/espai-natura-pack-relax-2-e1748958747433.jpg\",\"datePublished\":\"2025-05-09T07:01:30+00:00\",\"dateModified\":\"2025-07-03T07:45:43+00:00\",\"description\":\"Descansa con actividades relajantes en la esencia del festival rural\",\"breadcrumb\":{\"@id\":\"https:\/\/espailavansa.com\/es\/producte\/pack-relax\/#breadcrumb\"},\"inLanguage\":\"es\",\"potentialAction\":[{\"@type\":\"ReadAction\",\"target\":[\"https:\/\/espailavansa.com\/es\/producte\/pack-relax\/\"]}]},{\"@type\":\"ImageObject\",\"inLanguage\":\"es\",\"@id\":\"https:\/\/espailavansa.com\/es\/producte\/pack-relax\/#primaryimage\",\"url\":\"https:\/\/espailavansa.com\/wp-content\/uploads\/2025\/05\/espai-natura-pack-relax-2-e1748958747433.jpg\",\"contentUrl\":\"https:\/\/espailavansa.com\/wp-content\/uploads\/2025\/05\/espai-natura-pack-relax-2-e1748958747433.jpg\",\"width\":1670,\"height\":1670,\"caption\":\"Pack relax\"},{\"@type\":\"BreadcrumbList\",\"@id\":\"https:\/\/espailavansa.com\/es\/producte\/pack-relax\/#breadcrumb\",\"itemListElement\":[{\"@type\":\"ListItem\",\"position\":1,\"name\":\"Inici\",\"item\":\"https:\/\/espailavansa.com\/es\/\"},{\"@type\":\"ListItem\",\"position\":2,\"name\":\"Tienda\",\"item\":\"https:\/\/espailavansa.com\/tienda\/\"},{\"@type\":\"ListItem\",\"position\":3,\"name\":\"Pack relax\"}]},{\"@type\":\"WebSite\",\"@id\":\"https:\/\/espailavansa.com\/es\/#website\",\"url\":\"https:\/\/espailavansa.com\/es\/\",\"name\":\"Espai La Vansa\",\"description\":\"Espacio cultural en el Valle de La Vansa\",\"potentialAction\":[{\"@type\":\"SearchAction\",\"target\":{\"@type\":\"EntryPoint\",\"urlTemplate\":\"https:\/\/espailavansa.com\/es\/?s={search_term_string}\"},\"query-input\":{\"@type\":\"PropertyValueSpecification\",\"valueRequired\":true,\"valueName\":\"search_term_string\"}}],\"inLanguage\":\"es\"}]}<\/script>\n<!-- \/ Yoast SEO plugin. -->","yoast_head_json":{"title":"Pack Relax: naturaleza y bienestar","description":"Descansa con actividades relajantes en la esencia del festival rural","robots":{"index":"index","follow":"follow","max-snippet":"max-snippet:-1","max-image-preview":"max-image-preview:large","max-video-preview":"max-video-preview:-1"},"canonical":"https:\/\/espailavansa.com\/es\/producte\/pack-relax\/","og_locale":"es_ES","og_type":"article","og_title":"Pack Relax: naturaleza y bienestar","og_description":"Descansa con actividades relajantes en la esencia del festival rural","og_url":"https:\/\/espailavansa.com\/es\/producte\/pack-relax\/","og_site_name":"Espai La Vansa","article_modified_time":"2025-07-03T07:45:43+00:00","og_image":[{"width":1670,"height":1670,"url":"https:\/\/espailavansa.com\/wp-content\/uploads\/2025\/05\/espai-natura-pack-relax-2-e1748958747433.jpg","type":"image\/jpeg"}],"twitter_card":"summary_large_image","schema":{"@context":"https:\/\/schema.org","@graph":[{"@type":"WebPage","@id":"https:\/\/espailavansa.com\/es\/producte\/pack-relax\/","url":"https:\/\/espailavansa.com\/es\/producte\/pack-relax\/","name":"Pack Relax: naturaleza y bienestar","isPartOf":{"@id":"https:\/\/espailavansa.com\/es\/#website"},"primaryImageOfPage":{"@id":"https:\/\/espailavansa.com\/es\/producte\/pack-relax\/#primaryimage"},"image":{"@id":"https:\/\/espailavansa.com\/es\/producte\/pack-relax\/#primaryimage"},"thumbnailUrl":"https:\/\/espailavansa.com\/wp-content\/uploads\/2025\/05\/espai-natura-pack-relax-2-e1748958747433.jpg","datePublished":"2025-05-09T07:01:30+00:00","dateModified":"2025-07-03T07:45:43+00:00","description":"Descansa con actividades relajantes en la esencia del festival rural","breadcrumb":{"@id":"https:\/\/espailavansa.com\/es\/producte\/pack-relax\/#breadcrumb"},"inLanguage":"es","potentialAction":[{"@type":"ReadAction","target":["https:\/\/espailavansa.com\/es\/producte\/pack-relax\/"]}]},{"@type":"ImageObject","inLanguage":"es","@id":"https:\/\/espailavansa.com\/es\/producte\/pack-relax\/#primaryimage","url":"https:\/\/espailavansa.com\/wp-content\/uploads\/2025\/05\/espai-natura-pack-relax-2-e1748958747433.jpg","contentUrl":"https:\/\/espailavansa.com\/wp-content\/uploads\/2025\/05\/espai-natura-pack-relax-2-e1748958747433.jpg","width":1670,"height":1670,"caption":"Pack relax"},{"@type":"BreadcrumbList","@id":"https:\/\/espailavansa.com\/es\/producte\/pack-relax\/#breadcrumb","itemListElement":[{"@type":"ListItem","position":1,"name":"Inici","item":"https:\/\/espailavansa.com\/es\/"},{"@type":"ListItem","position":2,"name":"Tienda","item":"https:\/\/espailavansa.com\/tienda\/"},{"@type":"ListItem","position":3,"name":"Pack relax"}]},{"@type":"WebSite","@id":"https:\/\/espailavansa.com\/es\/#website","url":"https:\/\/espailavansa.com\/es\/","name":"Espai La Vansa","description":"Espacio cultural en el Valle de La Vansa","potentialAction":[{"@type":"SearchAction","target":{"@type":"EntryPoint","urlTemplate":"https:\/\/espailavansa.com\/es\/?s={search_term_string}"},"query-input":{"@type":"PropertyValueSpecification","valueRequired":true,"valueName":"search_term_string"}}],"inLanguage":"es"}]}},"_links":{"self":[{"href":"https:\/\/espailavansa.com\/es\/wp-json\/wp\/v2\/product\/1288","targetHints":{"allow":["GET"]}}],"collection":[{"href":"https:\/\/espailavansa.com\/es\/wp-json\/wp\/v2\/product"}],"about":[{"href":"https:\/\/espailavansa.com\/es\/wp-json\/wp\/v2\/types\/product"}],"replies":[{"embeddable":true,"href":"https:\/\/espailavansa.com\/es\/wp-json\/wp\/v2\/comments?post=1288"}],"wp:featuredmedia":[{"embeddable":true,"href":"https:\/\/espailavansa.com\/es\/wp-json\/wp\/v2\/media\/1292"}],"wp:attachment":[{"href":"https:\/\/espailavansa.com\/es\/wp-json\/wp\/v2\/media?parent=1288"}],"wp:term":[{"taxonomy":"product_brand","embeddable":true,"href":"https:\/\/espailavansa.com\/es\/wp-json\/wp\/v2\/product_brand?post=1288"},{"taxonomy":"product_cat","embeddable":true,"href":"https:\/\/espailavansa.com\/es\/wp-json\/wp\/v2\/product_cat?post=1288"},{"taxonomy":"product_tag","embeddable":true,"href":"https:\/\/espailavansa.com\/es\/wp-json\/wp\/v2\/product_tag?post=1288"}],"curies":[{"name":"wp","href":"https:\/\/api.w.org\/{rel}","templated":true}]}}