{"id":1231,"date":"2025-07-03T09:14:58","date_gmt":"2025-07-03T07:14:58","guid":{"rendered":"https:\/\/espailavansa.com\/politica-de-compras\/"},"modified":"2025-07-03T09:14:58","modified_gmt":"2025-07-03T07:14:58","slug":"politica-de-compras","status":"publish","type":"page","link":"https:\/\/espailavansa.com\/es\/politica-de-compras\/","title":{"rendered":"Pol\u00edtica de compras"},"content":{"rendered":"<div  class='flex_column av-8ple9-76c83e8bb70a9ef266b12d92a7fc15f0 av_one_full  avia-builder-el-0  avia-builder-el-no-sibling  politica-compres first flex_column_div  '     ><p>\n<style type=\"text\/css\" data-created_by=\"avia_inline_auto\" id=\"style-css-av-manszlv4-68e65a07c50e8201de8162d9484edc02\">\n#top .av-special-heading.av-manszlv4-68e65a07c50e8201de8162d9484edc02{\npadding-bottom:10px;\n}\nbody .av-special-heading.av-manszlv4-68e65a07c50e8201de8162d9484edc02 .av-special-heading-tag .heading-char{\nfont-size:25px;\n}\n.av-special-heading.av-manszlv4-68e65a07c50e8201de8162d9484edc02 .av-subheading{\nfont-size:15px;\n}\n<\/style>\n<div  class='av-special-heading av-manszlv4-68e65a07c50e8201de8162d9484edc02 av-special-heading-h1 blockquote modern-quote  avia-builder-el-1  el_before_av_textblock  avia-builder-el-first  politica-compres'><h1 class='av-special-heading-tag '  itemprop=\"headline\"  >Pol\u00edtica de compres<\/h1><div class=\"special-heading-border\"><div class=\"special-heading-inner-border\"><\/div><\/div><\/div><br \/>\n\n<style type=\"text\/css\" data-created_by=\"avia_inline_auto\" id=\"style-css-av-mansztwm-ba1f419c8af45767cb23235cd86161b9\">\n#top .av_textblock_section.av-mansztwm-ba1f419c8af45767cb23235cd86161b9 .avia_textblock{\ncolor:#484036;\n}\n<\/style>\n<section  class='av_textblock_section av-mansztwm-ba1f419c8af45767cb23235cd86161b9 '   itemscope=\"itemscope\" itemtype=\"https:\/\/schema.org\/CreativeWork\" ><div class='avia_textblock politica-compres av_inherit_color'  itemprop=\"text\" ><p>La presente pol\u00edtica regula las condiciones de compra de los productos y servicios ofrecidos a trav\u00e9s del sitio web <strong>espailavansa.com<\/strong> , gestionado por el Espai La Vansa (en adelante, \u201cla empresa\u201d).<\/p>\n<p><strong>1. Tipo de productos<\/strong><\/p>\n<p>Los productos disponibles a trav\u00e9s de este sitio web incluyen:<\/p>\n<ul>\n<li><strong>Packs de experiencias<\/strong> sin fecha asignada en el momento de la compra (como almuerzos, alojamientos y actividades).<\/li>\n<li><strong>Entradas para eventos<\/strong> , con fecha y horario especificados.<\/li>\n<\/ul>\n<p>Una vez formalizada la compra, el cliente recibir\u00e1 un correo electr\u00f3nico de confirmaci\u00f3n con los detalles correspondientes.<\/p>\n<p><strong>2. Pol\u00edtica de cancelaciones y devoluciones<\/strong><\/p>\n<p>De acuerdo con la naturaleza de los productos ofrecidos (servicios vinculados al ocio y previa reserva o disponibilidad limitada), <strong>no se admiten devoluciones<\/strong> una vez confirmada la compra, salvo en los casos expresamente previstos por la normativa vigente.<\/p>\n<p>Sin embargo, en el caso de los <strong>packs sin fecha concreta<\/strong> , el cliente podr\u00e1 contactar con la empresa para acordar una fecha de uso seg\u00fan la disponibilidad del establecimiento, siempre que no se haya excedido el plazo de validez especificado.<\/p>\n<p>En caso de <strong>cancelaci\u00f3n de un evento por parte de la organizaci\u00f3n<\/strong> , se podr\u00e1 ofrecer:<\/p>\n<ul>\n<li>El reembolso \u00edntegro del importe abonado, o bien<\/li>\n<li>El cambio para otra fecha o actividad equivalente.<\/li>\n<\/ul>\n<p><strong>3.Modificaciones<\/strong><\/p>\n<p>Para solicitar cualquier modificaci\u00f3n relacionada con una compra, el usuario deber\u00e1 ponerse en contacto con el Espai La Vansa a trav\u00e9s de los canales oficiales indicados en la p\u00e1gina de contacto. No se aceptar\u00e1n modificaciones con menos de 48 horas de antelaci\u00f3n respecto a la fecha de uso acordada o al inicio del evento.<\/p>\n<p><strong>Tel:<\/strong> <a href=\"tel:623179062\" target=\"_blank\" rel=\"noopener\">623 17 90 62<\/a><br \/>\n<strong>Mail:<\/strong> <a class=\"c-link\" href=\"mailto:info@espailavansa.com\" target=\"_blank\" rel=\"noopener noreferrer\" data-stringify-link=\"mailto:info@espailavansa.com\" data-sk=\"tooltip_parent\" aria-haspopup=\"menu\">info@espailavansa.com<\/a><\/p>\n<\/div><\/section><\/p><\/div>\n","protected":false},"excerpt":{"rendered":"","protected":false},"author":3,"featured_media":0,"parent":0,"menu_order":0,"comment_status":"closed","ping_status":"closed","template":"","meta":{"footnotes":""},"class_list":["post-1231","page","type-page","status-publish","hentry"],"yoast_head":"<!-- This site is optimized with the Yoast SEO plugin v26.2 - https:\/\/yoast.com\/wordpress\/plugins\/seo\/ -->\n<title>Condiciones de compra y devoluci\u00f3n<\/title>\n<meta name=\"description\" content=\"Consulta las condiciones de compra y devoluci\u00f3n de nuestros packs y entradas\" \/>\n<meta name=\"robots\" content=\"index, follow, max-snippet:-1, max-image-preview:large, max-video-preview:-1\" \/>\n<link rel=\"canonical\" href=\"https:\/\/espailavansa.com\/es\/politica-de-compras\/\" \/>\n<meta property=\"og:locale\" content=\"es_ES\" \/>\n<meta property=\"og:type\" content=\"article\" \/>\n<meta property=\"og:title\" content=\"Condiciones de compra y devoluci\u00f3n\" \/>\n<meta property=\"og:description\" content=\"Consulta las condiciones de compra y devoluci\u00f3n de nuestros packs y entradas\" \/>\n<meta property=\"og:url\" content=\"https:\/\/espailavansa.com\/es\/politica-de-compras\/\" \/>\n<meta property=\"og:site_name\" content=\"Espai La Vansa\" \/>\n<meta name=\"twitter:card\" content=\"summary_large_image\" \/>\n<meta name=\"twitter:label1\" content=\"Tiempo de lectura\" \/>\n\t<meta name=\"twitter:data1\" content=\"4 minutos\" \/>\n<script type=\"application\/ld+json\" class=\"yoast-schema-graph\">{\"@context\":\"https:\/\/schema.org\",\"@graph\":[{\"@type\":\"WebPage\",\"@id\":\"https:\/\/espailavansa.com\/es\/politica-de-compras\/\",\"url\":\"https:\/\/espailavansa.com\/es\/politica-de-compras\/\",\"name\":\"Condiciones de compra y devoluci\u00f3n\",\"isPartOf\":{\"@id\":\"https:\/\/espailavansa.com\/es\/#website\"},\"datePublished\":\"2025-07-03T07:14:58+00:00\",\"description\":\"Consulta las condiciones de compra y devoluci\u00f3n de nuestros packs y entradas\",\"breadcrumb\":{\"@id\":\"https:\/\/espailavansa.com\/es\/politica-de-compras\/#breadcrumb\"},\"inLanguage\":\"es\",\"potentialAction\":[{\"@type\":\"ReadAction\",\"target\":[\"https:\/\/espailavansa.com\/es\/politica-de-compras\/\"]}]},{\"@type\":\"BreadcrumbList\",\"@id\":\"https:\/\/espailavansa.com\/es\/politica-de-compras\/#breadcrumb\",\"itemListElement\":[{\"@type\":\"ListItem\",\"position\":1,\"name\":\"Inici\",\"item\":\"https:\/\/espailavansa.com\/es\/\"},{\"@type\":\"ListItem\",\"position\":2,\"name\":\"Pol\u00edtica de compras\"}]},{\"@type\":\"WebSite\",\"@id\":\"https:\/\/espailavansa.com\/es\/#website\",\"url\":\"https:\/\/espailavansa.com\/es\/\",\"name\":\"Espai La Vansa\",\"description\":\"Espacio cultural en el Valle de La Vansa\",\"potentialAction\":[{\"@type\":\"SearchAction\",\"target\":{\"@type\":\"EntryPoint\",\"urlTemplate\":\"https:\/\/espailavansa.com\/es\/?s={search_term_string}\"},\"query-input\":{\"@type\":\"PropertyValueSpecification\",\"valueRequired\":true,\"valueName\":\"search_term_string\"}}],\"inLanguage\":\"es\"}]}<\/script>\n<!-- \/ Yoast SEO plugin. -->","yoast_head_json":{"title":"Condiciones de compra y devoluci\u00f3n","description":"Consulta las condiciones de compra y devoluci\u00f3n de nuestros packs y entradas","robots":{"index":"index","follow":"follow","max-snippet":"max-snippet:-1","max-image-preview":"max-image-preview:large","max-video-preview":"max-video-preview:-1"},"canonical":"https:\/\/espailavansa.com\/es\/politica-de-compras\/","og_locale":"es_ES","og_type":"article","og_title":"Condiciones de compra y devoluci\u00f3n","og_description":"Consulta las condiciones de compra y devoluci\u00f3n de nuestros packs y entradas","og_url":"https:\/\/espailavansa.com\/es\/politica-de-compras\/","og_site_name":"Espai La Vansa","twitter_card":"summary_large_image","twitter_misc":{"Tiempo de lectura":"4 minutos"},"schema":{"@context":"https:\/\/schema.org","@graph":[{"@type":"WebPage","@id":"https:\/\/espailavansa.com\/es\/politica-de-compras\/","url":"https:\/\/espailavansa.com\/es\/politica-de-compras\/","name":"Condiciones de compra y devoluci\u00f3n","isPartOf":{"@id":"https:\/\/espailavansa.com\/es\/#website"},"datePublished":"2025-07-03T07:14:58+00:00","description":"Consulta las condiciones de compra y devoluci\u00f3n de nuestros packs y entradas","breadcrumb":{"@id":"https:\/\/espailavansa.com\/es\/politica-de-compras\/#breadcrumb"},"inLanguage":"es","potentialAction":[{"@type":"ReadAction","target":["https:\/\/espailavansa.com\/es\/politica-de-compras\/"]}]},{"@type":"BreadcrumbList","@id":"https:\/\/espailavansa.com\/es\/politica-de-compras\/#breadcrumb","itemListElement":[{"@type":"ListItem","position":1,"name":"Inici","item":"https:\/\/espailavansa.com\/es\/"},{"@type":"ListItem","position":2,"name":"Pol\u00edtica de compras"}]},{"@type":"WebSite","@id":"https:\/\/espailavansa.com\/es\/#website","url":"https:\/\/espailavansa.com\/es\/","name":"Espai La Vansa","description":"Espacio cultural en el Valle de La Vansa","potentialAction":[{"@type":"SearchAction","target":{"@type":"EntryPoint","urlTemplate":"https:\/\/espailavansa.com\/es\/?s={search_term_string}"},"query-input":{"@type":"PropertyValueSpecification","valueRequired":true,"valueName":"search_term_string"}}],"inLanguage":"es"}]}},"_links":{"self":[{"href":"https:\/\/espailavansa.com\/es\/wp-json\/wp\/v2\/pages\/1231","targetHints":{"allow":["GET"]}}],"collection":[{"href":"https:\/\/espailavansa.com\/es\/wp-json\/wp\/v2\/pages"}],"about":[{"href":"https:\/\/espailavansa.com\/es\/wp-json\/wp\/v2\/types\/page"}],"author":[{"embeddable":true,"href":"https:\/\/espailavansa.com\/es\/wp-json\/wp\/v2\/users\/3"}],"replies":[{"embeddable":true,"href":"https:\/\/espailavansa.com\/es\/wp-json\/wp\/v2\/comments?post=1231"}],"version-history":[{"count":0,"href":"https:\/\/espailavansa.com\/es\/wp-json\/wp\/v2\/pages\/1231\/revisions"}],"wp:attachment":[{"href":"https:\/\/espailavansa.com\/es\/wp-json\/wp\/v2\/media?parent=1231"}],"curies":[{"name":"wp","href":"https:\/\/api.w.org\/{rel}","templated":true}]}}