{"id":1224,"date":"2025-07-03T09:14:54","date_gmt":"2025-07-03T07:14:54","guid":{"rendered":"https:\/\/espailavansa.com\/cesta\/"},"modified":"2025-07-03T09:14:54","modified_gmt":"2025-07-03T07:14:54","slug":"cesta","status":"publish","type":"page","link":"https:\/\/espailavansa.com\/es\/cesta\/","title":{"rendered":"Cesta"},"content":{"rendered":"\n<div data-block-name=\"woocommerce\/cart\" class=\"wp-block-woocommerce-cart alignwide is-loading\">\n<div data-block-name=\"woocommerce\/filled-cart-block\" class=\"wp-block-woocommerce-filled-cart-block\">\n<div data-block-name=\"woocommerce\/cart-items-block\" class=\"wp-block-woocommerce-cart-items-block\">\n<div data-block-name=\"woocommerce\/cart-line-items-block\" class=\"wp-block-woocommerce-cart-line-items-block\"><\/div>\n\n\n\n<div data-block-name=\"woocommerce\/cart-cross-sells-block\" class=\"wp-block-woocommerce-cart-cross-sells-block\">\n<h2 class=\"wp-block-heading has-large-font-size\">Le puede interesar\u2026<\/h2>\n\n\n\n<div data-block-name=\"woocommerce\/cart-cross-sells-products-block\" class=\"wp-block-woocommerce-cart-cross-sells-products-block\"><\/div>\n<\/div>\n<\/div>\n\n\n\n<div data-block-name=\"woocommerce\/cart-totals-block\" class=\"wp-block-woocommerce-cart-totals-block\">\n<div data-block-name=\"woocommerce\/cart-order-summary-block\" class=\"wp-block-woocommerce-cart-order-summary-block\">\n<div data-block-name=\"woocommerce\/cart-order-summary-heading-block\" class=\"wp-block-woocommerce-cart-order-summary-heading-block\"><\/div><div data-block-name=\"woocommerce\/cart-order-summary-coupon-form-block\" class=\"wp-block-woocommerce-cart-order-summary-coupon-form-block\"><\/div><div data-block-name=\"woocommerce\/cart-order-summary-totals-block\" class=\"wp-block-woocommerce-cart-order-summary-totals-block\">\n<div data-block-name=\"woocommerce\/cart-order-summary-subtotal-block\" class=\"wp-block-woocommerce-cart-order-summary-subtotal-block\"><\/div>\n<div data-block-name=\"woocommerce\/cart-order-summary-discount-block\" class=\"wp-block-woocommerce-cart-order-summary-discount-block\"><\/div>\n<div data-block-name=\"woocommerce\/cart-order-summary-fee-block\" class=\"wp-block-woocommerce-cart-order-summary-fee-block\"><\/div>\n<div data-block-name=\"woocommerce\/cart-order-summary-shipping-block\" class=\"wp-block-woocommerce-cart-order-summary-shipping-block\"><\/div>\n<div data-block-name=\"woocommerce\/cart-order-summary-taxes-block\" class=\"wp-block-woocommerce-cart-order-summary-taxes-block\"><\/div><\/div>\n<\/div>\n\n\n\n<div data-block-name=\"woocommerce\/cart-express-payment-block\" class=\"wp-block-woocommerce-cart-express-payment-block\"><\/div>\n\n\n\n<div data-block-name=\"woocommerce\/proceed-to-checkout-block\" class=\"wp-block-woocommerce-proceed-to-checkout-block\"><\/div>\n\n\n\n<div data-block-name=\"woocommerce\/cart-accepted-payment-methods-block\" class=\"wp-block-woocommerce-cart-accepted-payment-methods-block\"><\/div>\n<\/div>\n<\/div>\n\n\n\n<div data-block-name=\"woocommerce\/empty-cart-block\" class=\"wp-block-woocommerce-empty-cart-block\">\n<h2 class=\"wp-block-heading has-text-align-center with-empty-cart-icon wc-block-cart__empty-cart__title\">\u00a1La cesta est\u00e1 vac\u00eda actualmente!<\/h2>\n\n\n\n<hr class=\"wp-block-separator has-alpha-channel-opacity is-style-dots\">\n\n\n\n<h2 class=\"wp-block-heading has-text-align-center\">Nuevo en la tienda<\/h2>\n\n\n<div data-block-name=\"woocommerce\/product-new\" data-columns=\"4\" data-rows=\"1\" class=\"wc-block-grid wp-block-product-new wp-block-woocommerce-product-new wc-block-product-new has-4-columns\"><ul class=\"wc-block-grid__products\"><li class=\"wc-block-grid__product\">\n\t\t\t\t<a href=\"https:\/\/espailavansa.com\/es\/producte\/inscripcio-taller-ilustracio\/\" class=\"wc-block-grid__product-link\">\n\t\t\t\t\t\n\t\t\t\t\t<div class=\"wc-block-grid__product-image\"><img loading=\"lazy\" decoding=\"async\" width=\"600\" height=\"600\" src=\"https:\/\/espailavansa.com\/wp-content\/uploads\/2025\/07\/27-600x600.jpg\" class=\"attachment-woocommerce_thumbnail size-woocommerce_thumbnail\" alt=\"Taller &quot;dibuixem les plantes de la Vall&quot;\" srcset=\"https:\/\/espailavansa.com\/wp-content\/uploads\/2025\/07\/27-600x600.jpg 600w, https:\/\/espailavansa.com\/wp-content\/uploads\/2025\/07\/27-300x300.jpg 300w, https:\/\/espailavansa.com\/wp-content\/uploads\/2025\/07\/27-1030x1030.jpg 1030w, https:\/\/espailavansa.com\/wp-content\/uploads\/2025\/07\/27-80x80.jpg 80w, https:\/\/espailavansa.com\/wp-content\/uploads\/2025\/07\/27-768x768.jpg 768w, https:\/\/espailavansa.com\/wp-content\/uploads\/2025\/07\/27-36x36.jpg 36w, https:\/\/espailavansa.com\/wp-content\/uploads\/2025\/07\/27-700x700.jpg 700w, https:\/\/espailavansa.com\/wp-content\/uploads\/2025\/07\/27-705x705.jpg 705w, https:\/\/espailavansa.com\/wp-content\/uploads\/2025\/07\/27-120x120.jpg 120w, https:\/\/espailavansa.com\/wp-content\/uploads\/2025\/07\/27-450x450.jpg 450w, https:\/\/espailavansa.com\/wp-content\/uploads\/2025\/07\/27-100x100.jpg 100w, https:\/\/espailavansa.com\/wp-content\/uploads\/2025\/07\/27.jpg 1080w\" sizes=\"auto, (max-width: 600px) 100vw, 600px\" \/><\/div>\n\t\t\t\t\t<div class=\"wc-block-grid__product-title\">Inscripci\u00f3 taller d&#8217;il\u00b7lustraci\u00f3 bot\u00e0nica<\/div>\n\t\t\t\t<\/a>\n\t\t\t\t<div class=\"wc-block-grid__product-price price\"><span class=\"woocommerce-Price-amount amount\">15,00&nbsp;<span class=\"woocommerce-Price-currencySymbol\">&euro;<\/span><\/span><\/div>\n\t\t\t\t\n\t\t\t\t<div class=\"wp-block-button wc-block-grid__product-add-to-cart\"><a href=\"\/es\/wp-json\/wp\/v2\/pages\/1224?add-to-cart=1465\" aria-label=\"A\u00f1adir al carrito: &ldquo;Inscripci\u00f3 taller d&#039;il\u00b7lustraci\u00f3 bot\u00e0nica&rdquo;\" data-quantity=\"1\" data-product_id=\"1465\" data-product_sku=\"\" data-price=\"15\" rel=\"nofollow\" class=\"wp-block-button__link  add_to_cart_button ajax_add_to_cart\">A\u00f1adir al carrito<\/a><\/div>\n\t\t\t<\/li><li class=\"wc-block-grid__product\">\n\t\t\t\t<a href=\"https:\/\/espailavansa.com\/es\/producte\/inscripcio-itinerari-etnobotanic\/\" class=\"wc-block-grid__product-link\">\n\t\t\t\t\t\n\t\t\t\t\t<div class=\"wc-block-grid__product-image\"><img loading=\"lazy\" decoding=\"async\" width=\"600\" height=\"600\" src=\"https:\/\/espailavansa.com\/wp-content\/uploads\/2025\/07\/24-600x600.jpg\" class=\"attachment-woocommerce_thumbnail size-woocommerce_thumbnail\" alt=\"La veu de les plantes\" srcset=\"https:\/\/espailavansa.com\/wp-content\/uploads\/2025\/07\/24-600x600.jpg 600w, https:\/\/espailavansa.com\/wp-content\/uploads\/2025\/07\/24-300x300.jpg 300w, https:\/\/espailavansa.com\/wp-content\/uploads\/2025\/07\/24-1030x1030.jpg 1030w, https:\/\/espailavansa.com\/wp-content\/uploads\/2025\/07\/24-80x80.jpg 80w, https:\/\/espailavansa.com\/wp-content\/uploads\/2025\/07\/24-768x768.jpg 768w, https:\/\/espailavansa.com\/wp-content\/uploads\/2025\/07\/24-36x36.jpg 36w, https:\/\/espailavansa.com\/wp-content\/uploads\/2025\/07\/24-700x700.jpg 700w, https:\/\/espailavansa.com\/wp-content\/uploads\/2025\/07\/24-705x705.jpg 705w, https:\/\/espailavansa.com\/wp-content\/uploads\/2025\/07\/24-120x120.jpg 120w, https:\/\/espailavansa.com\/wp-content\/uploads\/2025\/07\/24-450x450.jpg 450w, https:\/\/espailavansa.com\/wp-content\/uploads\/2025\/07\/24-100x100.jpg 100w, https:\/\/espailavansa.com\/wp-content\/uploads\/2025\/07\/24.jpg 1080w\" sizes=\"auto, (max-width: 600px) 100vw, 600px\" \/><\/div>\n\t\t\t\t\t<div class=\"wc-block-grid__product-title\">Inscripci\u00f3 itinerari etnobot\u00e0nic<\/div>\n\t\t\t\t<\/a>\n\t\t\t\t<div class=\"wc-block-grid__product-price price\"><span class=\"woocommerce-Price-amount amount\">15,00&nbsp;<span class=\"woocommerce-Price-currencySymbol\">&euro;<\/span><\/span><\/div>\n\t\t\t\t\n\t\t\t\t<div class=\"wp-block-button wc-block-grid__product-add-to-cart\"><a href=\"\/es\/wp-json\/wp\/v2\/pages\/1224?add-to-cart=1456\" aria-label=\"A\u00f1adir al carrito: &ldquo;Inscripci\u00f3 itinerari etnobot\u00e0nic&rdquo;\" data-quantity=\"1\" data-product_id=\"1456\" data-product_sku=\"\" data-price=\"15\" rel=\"nofollow\" class=\"wp-block-button__link  add_to_cart_button ajax_add_to_cart\">A\u00f1adir al carrito<\/a><\/div>\n\t\t\t<\/li><li class=\"wc-block-grid__product\">\n\t\t\t\t<a href=\"https:\/\/espailavansa.com\/es\/producte\/inscripciotallercant\/\" class=\"wc-block-grid__product-link\">\n\t\t\t\t\t\n\t\t\t\t\t<div class=\"wc-block-grid__product-image\"><img loading=\"lazy\" decoding=\"async\" width=\"600\" height=\"600\" src=\"https:\/\/espailavansa.com\/wp-content\/uploads\/2025\/07\/26-600x600.jpg\" class=\"attachment-woocommerce_thumbnail size-woocommerce_thumbnail\" alt=\"Taller de cant &quot;Cantem can\u00e7ons sense pretensions&quot;\" srcset=\"https:\/\/espailavansa.com\/wp-content\/uploads\/2025\/07\/26-600x600.jpg 600w, https:\/\/espailavansa.com\/wp-content\/uploads\/2025\/07\/26-300x300.jpg 300w, https:\/\/espailavansa.com\/wp-content\/uploads\/2025\/07\/26-1030x1030.jpg 1030w, https:\/\/espailavansa.com\/wp-content\/uploads\/2025\/07\/26-80x80.jpg 80w, https:\/\/espailavansa.com\/wp-content\/uploads\/2025\/07\/26-768x768.jpg 768w, https:\/\/espailavansa.com\/wp-content\/uploads\/2025\/07\/26-36x36.jpg 36w, https:\/\/espailavansa.com\/wp-content\/uploads\/2025\/07\/26-700x700.jpg 700w, https:\/\/espailavansa.com\/wp-content\/uploads\/2025\/07\/26-705x705.jpg 705w, https:\/\/espailavansa.com\/wp-content\/uploads\/2025\/07\/26-120x120.jpg 120w, https:\/\/espailavansa.com\/wp-content\/uploads\/2025\/07\/26-450x450.jpg 450w, https:\/\/espailavansa.com\/wp-content\/uploads\/2025\/07\/26-100x100.jpg 100w, https:\/\/espailavansa.com\/wp-content\/uploads\/2025\/07\/26.jpg 1080w\" sizes=\"auto, (max-width: 600px) 100vw, 600px\" \/><\/div>\n\t\t\t\t\t<div class=\"wc-block-grid__product-title\">Inscripci\u00f3 taller de cant<\/div>\n\t\t\t\t<\/a>\n\t\t\t\t<div class=\"wc-block-grid__product-price price\"><span class=\"woocommerce-Price-amount amount\">15,00&nbsp;<span class=\"woocommerce-Price-currencySymbol\">&euro;<\/span><\/span><\/div>\n\t\t\t\t\n\t\t\t\t<div class=\"wp-block-button wc-block-grid__product-add-to-cart\"><a href=\"\/es\/wp-json\/wp\/v2\/pages\/1224?add-to-cart=1428\" aria-label=\"A\u00f1adir al carrito: &ldquo;Inscripci\u00f3 taller de cant&rdquo;\" data-quantity=\"1\" data-product_id=\"1428\" data-product_sku=\"\" data-price=\"15\" rel=\"nofollow\" class=\"wp-block-button__link  add_to_cart_button ajax_add_to_cart\">A\u00f1adir al carrito<\/a><\/div>\n\t\t\t<\/li><li class=\"wc-block-grid__product\">\n\t\t\t\t<a href=\"https:\/\/espailavansa.com\/es\/producte\/pack-relax\/\" class=\"wc-block-grid__product-link\">\n\t\t\t\t\t\n\t\t\t\t\t<div class=\"wc-block-grid__product-image\"><img loading=\"lazy\" decoding=\"async\" width=\"600\" height=\"600\" src=\"https:\/\/espailavansa.com\/wp-content\/uploads\/2025\/05\/espai-natura-pack-relax-2-e1748958747433-600x600.jpg\" class=\"attachment-woocommerce_thumbnail size-woocommerce_thumbnail\" alt=\"Pack relax\" srcset=\"https:\/\/espailavansa.com\/wp-content\/uploads\/2025\/05\/espai-natura-pack-relax-2-e1748958747433-600x600.jpg 600w, https:\/\/espailavansa.com\/wp-content\/uploads\/2025\/05\/espai-natura-pack-relax-2-e1748958747433-300x300.jpg 300w, https:\/\/espailavansa.com\/wp-content\/uploads\/2025\/05\/espai-natura-pack-relax-2-e1748958747433-1030x1030.jpg 1030w, https:\/\/espailavansa.com\/wp-content\/uploads\/2025\/05\/espai-natura-pack-relax-2-e1748958747433-80x80.jpg 80w, https:\/\/espailavansa.com\/wp-content\/uploads\/2025\/05\/espai-natura-pack-relax-2-e1748958747433-768x768.jpg 768w, https:\/\/espailavansa.com\/wp-content\/uploads\/2025\/05\/espai-natura-pack-relax-2-e1748958747433-1536x1536.jpg 1536w, https:\/\/espailavansa.com\/wp-content\/uploads\/2025\/05\/espai-natura-pack-relax-2-e1748958747433-36x36.jpg 36w, https:\/\/espailavansa.com\/wp-content\/uploads\/2025\/05\/espai-natura-pack-relax-2-e1748958747433-700x700.jpg 700w, https:\/\/espailavansa.com\/wp-content\/uploads\/2025\/05\/espai-natura-pack-relax-2-e1748958747433-1500x1500.jpg 1500w, https:\/\/espailavansa.com\/wp-content\/uploads\/2025\/05\/espai-natura-pack-relax-2-e1748958747433-705x705.jpg 705w, https:\/\/espailavansa.com\/wp-content\/uploads\/2025\/05\/espai-natura-pack-relax-2-e1748958747433-120x120.jpg 120w, https:\/\/espailavansa.com\/wp-content\/uploads\/2025\/05\/espai-natura-pack-relax-2-e1748958747433-450x450.jpg 450w, https:\/\/espailavansa.com\/wp-content\/uploads\/2025\/05\/espai-natura-pack-relax-2-e1748958747433-100x100.jpg 100w, https:\/\/espailavansa.com\/wp-content\/uploads\/2025\/05\/espai-natura-pack-relax-2-e1748958747433.jpg 1670w\" sizes=\"auto, (max-width: 600px) 100vw, 600px\" \/><\/div>\n\t\t\t\t\t<div class=\"wc-block-grid__product-title\">Pack relax<\/div>\n\t\t\t\t<\/a>\n\t\t\t\t<div class=\"wc-block-grid__product-price price\"><span class=\"woocommerce-Price-amount amount\">180,00&nbsp;<span class=\"woocommerce-Price-currencySymbol\">&euro;<\/span><\/span><\/div>\n\t\t\t\t\n\t\t\t\t<div class=\"wp-block-button wc-block-grid__product-add-to-cart\"><a href=\"\/es\/wp-json\/wp\/v2\/pages\/1224?add-to-cart=1288\" aria-label=\"A\u00f1adir al carrito: &ldquo;Pack relax&rdquo;\" data-quantity=\"1\" data-product_id=\"1288\" data-product_sku=\"\" data-price=\"180\" rel=\"nofollow\" class=\"wp-block-button__link  add_to_cart_button ajax_add_to_cart\">A\u00f1adir al carrito<\/a><\/div>\n\t\t\t<\/li><\/ul><\/div><\/div>\n<\/div>\n","protected":false},"excerpt":{"rendered":"","protected":false},"author":1,"featured_media":0,"parent":0,"menu_order":0,"comment_status":"closed","ping_status":"closed","template":"","meta":{"footnotes":""},"class_list":["post-1224","page","type-page","status-publish","hentry"],"yoast_head":"<!-- This site is optimized with the Yoast SEO plugin v26.2 - https:\/\/yoast.com\/wordpress\/plugins\/seo\/ -->\n<title>Cesta de compras online<\/title>\n<meta name=\"description\" content=\"Revisa tus packs y entradas antes de finalizar la compra\" \/>\n<meta name=\"robots\" content=\"index, follow, max-snippet:-1, max-image-preview:large, max-video-preview:-1\" \/>\n<link rel=\"canonical\" href=\"https:\/\/espailavansa.com\/es\/cesta\/\" \/>\n<meta property=\"og:locale\" content=\"es_ES\" \/>\n<meta property=\"og:type\" content=\"article\" \/>\n<meta property=\"og:title\" content=\"Cesta de compras online\" \/>\n<meta property=\"og:description\" content=\"Revisa tus packs y entradas antes de finalizar la compra\" \/>\n<meta property=\"og:url\" content=\"https:\/\/espailavansa.com\/es\/cesta\/\" \/>\n<meta property=\"og:site_name\" content=\"Espai La Vansa\" \/>\n<meta name=\"twitter:card\" content=\"summary_large_image\" \/>\n<script type=\"application\/ld+json\" class=\"yoast-schema-graph\">{\"@context\":\"https:\/\/schema.org\",\"@graph\":[{\"@type\":\"WebPage\",\"@id\":\"https:\/\/espailavansa.com\/es\/cesta\/\",\"url\":\"https:\/\/espailavansa.com\/es\/cesta\/\",\"name\":\"Cesta de compras online\",\"isPartOf\":{\"@id\":\"https:\/\/espailavansa.com\/es\/#website\"},\"datePublished\":\"2025-07-03T07:14:54+00:00\",\"description\":\"Revisa tus packs y entradas antes de finalizar la compra\",\"breadcrumb\":{\"@id\":\"https:\/\/espailavansa.com\/es\/cesta\/#breadcrumb\"},\"inLanguage\":\"es\",\"potentialAction\":[{\"@type\":\"ReadAction\",\"target\":[\"https:\/\/espailavansa.com\/es\/cesta\/\"]}]},{\"@type\":\"BreadcrumbList\",\"@id\":\"https:\/\/espailavansa.com\/es\/cesta\/#breadcrumb\",\"itemListElement\":[{\"@type\":\"ListItem\",\"position\":1,\"name\":\"Inici\",\"item\":\"https:\/\/espailavansa.com\/es\/\"},{\"@type\":\"ListItem\",\"position\":2,\"name\":\"Cesta\"}]},{\"@type\":\"WebSite\",\"@id\":\"https:\/\/espailavansa.com\/es\/#website\",\"url\":\"https:\/\/espailavansa.com\/es\/\",\"name\":\"Espai La Vansa\",\"description\":\"Espacio cultural en el Valle de La Vansa\",\"potentialAction\":[{\"@type\":\"SearchAction\",\"target\":{\"@type\":\"EntryPoint\",\"urlTemplate\":\"https:\/\/espailavansa.com\/es\/?s={search_term_string}\"},\"query-input\":{\"@type\":\"PropertyValueSpecification\",\"valueRequired\":true,\"valueName\":\"search_term_string\"}}],\"inLanguage\":\"es\"}]}<\/script>\n<!-- \/ Yoast SEO plugin. -->","yoast_head_json":{"title":"Cesta de compras online","description":"Revisa tus packs y entradas antes de finalizar la compra","robots":{"index":"index","follow":"follow","max-snippet":"max-snippet:-1","max-image-preview":"max-image-preview:large","max-video-preview":"max-video-preview:-1"},"canonical":"https:\/\/espailavansa.com\/es\/cesta\/","og_locale":"es_ES","og_type":"article","og_title":"Cesta de compras online","og_description":"Revisa tus packs y entradas antes de finalizar la compra","og_url":"https:\/\/espailavansa.com\/es\/cesta\/","og_site_name":"Espai La Vansa","twitter_card":"summary_large_image","schema":{"@context":"https:\/\/schema.org","@graph":[{"@type":"WebPage","@id":"https:\/\/espailavansa.com\/es\/cesta\/","url":"https:\/\/espailavansa.com\/es\/cesta\/","name":"Cesta de compras online","isPartOf":{"@id":"https:\/\/espailavansa.com\/es\/#website"},"datePublished":"2025-07-03T07:14:54+00:00","description":"Revisa tus packs y entradas antes de finalizar la compra","breadcrumb":{"@id":"https:\/\/espailavansa.com\/es\/cesta\/#breadcrumb"},"inLanguage":"es","potentialAction":[{"@type":"ReadAction","target":["https:\/\/espailavansa.com\/es\/cesta\/"]}]},{"@type":"BreadcrumbList","@id":"https:\/\/espailavansa.com\/es\/cesta\/#breadcrumb","itemListElement":[{"@type":"ListItem","position":1,"name":"Inici","item":"https:\/\/espailavansa.com\/es\/"},{"@type":"ListItem","position":2,"name":"Cesta"}]},{"@type":"WebSite","@id":"https:\/\/espailavansa.com\/es\/#website","url":"https:\/\/espailavansa.com\/es\/","name":"Espai La Vansa","description":"Espacio cultural en el Valle de La Vansa","potentialAction":[{"@type":"SearchAction","target":{"@type":"EntryPoint","urlTemplate":"https:\/\/espailavansa.com\/es\/?s={search_term_string}"},"query-input":{"@type":"PropertyValueSpecification","valueRequired":true,"valueName":"search_term_string"}}],"inLanguage":"es"}]}},"_links":{"self":[{"href":"https:\/\/espailavansa.com\/es\/wp-json\/wp\/v2\/pages\/1224","targetHints":{"allow":["GET"]}}],"collection":[{"href":"https:\/\/espailavansa.com\/es\/wp-json\/wp\/v2\/pages"}],"about":[{"href":"https:\/\/espailavansa.com\/es\/wp-json\/wp\/v2\/types\/page"}],"author":[{"embeddable":true,"href":"https:\/\/espailavansa.com\/es\/wp-json\/wp\/v2\/users\/1"}],"replies":[{"embeddable":true,"href":"https:\/\/espailavansa.com\/es\/wp-json\/wp\/v2\/comments?post=1224"}],"version-history":[{"count":0,"href":"https:\/\/espailavansa.com\/es\/wp-json\/wp\/v2\/pages\/1224\/revisions"}],"wp:attachment":[{"href":"https:\/\/espailavansa.com\/es\/wp-json\/wp\/v2\/media?parent=1224"}],"curies":[{"name":"wp","href":"https:\/\/api.w.org\/{rel}","templated":true}]}}